{"id":2104,"date":"2021-03-23T09:33:48","date_gmt":"2021-03-23T09:33:48","guid":{"rendered":"http:\/\/localhost\/nuss\/?page_id=167"},"modified":"2025-09-19T05:38:28","modified_gmt":"2025-09-19T05:38:28","slug":"unsere-geschichte","status":"publish","type":"page","link":"https:\/\/shanghaiyunheyebohotel.com\/de\/unsere-geschichte\/","title":{"rendered":"Unsere Geschichte"},"content":{"rendered":"<div data-elementor-type=\"wp-page\" data-elementor-id=\"2104\" class=\"elementor elementor-2104\">\n\t\t\t\t\t\t<section class=\"elementor-section elementor-top-section elementor-element elementor-element-8f5bb9d elementor-section-boxed elementor-section-gap-beside-yes elementor-section-height-default elementor-section-height-default elementor-section-column-vertical-align-stretch\" data-id=\"8f5bb9d\" data-element_type=\"section\" data-e-type=\"section\">\n\t\t\t\t\t\t<div class=\"elementor-container elementor-column-gap-extended\">\n\t\t\t\t\t<div class=\"elementor-column elementor-col-100 elementor-top-column elementor-element elementor-element-7ec4215\" data-id=\"7ec4215\" data-element_type=\"column\" data-e-type=\"column\">\n\t\t\t<div class=\"elementor-widget-wrap elementor-element-populated\">\n\t\t\t\t\t\t<div class=\"elementor-element elementor-element-edd9d03 elementor-widget__width-initial elementor-invisible elementor-widget elementor-widget-text-editor\" data-id=\"edd9d03\" data-element_type=\"widget\" data-e-type=\"widget\" data-settings=\"{&quot;_animation&quot;:&quot;nussFadeInUp&quot;}\" data-widget_type=\"text-editor.default\">\n\t\t\t\t\t\t\t\t\t<p><strong data-spm-anchor-id=\"a2ty_o01.29997173.0.i132.48c8c921HQqKRc\">Wo Schweigen die erste Blaupause war<\/strong><\/p>\t\t\t\t\t\t\t\t<\/div>\n\t\t\t\t\t<\/div>\n\t\t<\/div>\n\t\t\t\t\t<\/div>\n\t\t<\/section>\n\t\t<div class=\"elementor-element elementor-element-ae7e42f e-flex e-con-boxed e-con e-parent\" data-id=\"ae7e42f\" data-element_type=\"container\" data-e-type=\"container\">\n\t\t\t\t\t<div class=\"e-con-inner\">\n\t\t\t\t<div class=\"elementor-element elementor-element-136c3a3 elementor-widget elementor-widget-text-editor\" data-id=\"136c3a3\" data-element_type=\"widget\" data-e-type=\"widget\" data-widget_type=\"text-editor.default\">\n\t\t\t\t\t\t\t\t\t<p>Das Shanghai Yunhe Yebo Hotel entstand nicht aus einem Gesch\u00e4ftsplan, sondern aus einer Sehnsucht heraus.<\/p><p>Im Jahr 2020, als Shanghai nach Monaten der Stille wieder zum Leben erwachte, pulsierten seine Stra\u00dfen lauter denn je. Wolkenkratzer glitzerten, Neonreklamen flackerten und der Rhythmus des Handels \u00fcbert\u00f6nte die Stille. Doch in der ruhigsten Ecke der Stadt \u2013 wo der Huangpu-Fluss sanft in die Feuchtgebiete von Chuansha m\u00fcndet, wo Bambus wild entlang vergessener Gassen w\u00e4chst und wo der Morgennebel noch \u00fcber den D\u00e4chern der D\u00f6rfer liegt \u2013 sa\u00df unser Gr\u00fcnder, ein m\u00fcder Architekt, der zum Wanderer geworden war, unter einem jahrhundertealten Banyanbaum und stellte sich eine einzige Frage: <em>Was w\u00e4re, wenn ein Hotel nicht versuchen w\u00fcrde, zu beeindrucken, sondern stattdessen versuchen w\u00fcrde, zu heilen?<\/em><\/p><p>Diese Frage wurde zum Keim.<\/p><p>Keine Gro\u00dfinvestoren. Keine Unternehmensmandate. Nur die \u00dcberzeugung, dass in einer von Geschwindigkeit besessenen Stadt der radikalste Akt der Gastfreundschaft darin besteht, Ruhe zu bieten.<\/p><p>Also w\u00e4hlten wir diesen Ort \u2013 Geb\u00e4ude 54, Nr. 179 Lianmin Village \u2013 nicht weil er billig, praktisch oder auf Karten sichtbar war, sondern weil er <em>ungesehen<\/em>Ein vergessenes St\u00fcck des alten Shanghai, wo sich die Nachbarn noch mit Namen gr\u00fc\u00dfen, wo H\u00fchner im Morgengrauen gackern und der Wind den Duft von Jasmin aus den G\u00e4rten tr\u00e4gt. Hier gibt die Sonne den Takt vor, nicht der Wecker.<\/p><p>Wir haben das alte Dorfhaus nicht renoviert. Wir haben ihm zugeh\u00f6rt.<\/p><p>Die originalen Holzbalken blieben erhalten, ihre Knoten erz\u00e4hlen Geschichten von Regen und Zeit. Der Innenhof wurde wieder zum Himmel ge\u00f6ffnet. Die Fenster wurden nicht f\u00fcr den Blick auf die Stadt erweitert, sondern f\u00fcr den Blick auf die Wolken, die V\u00f6gel und den langsamen Tanz der Schatten auf den moosbedeckten Steinen. Wir bezogen Materialien von lokalen Kunsthandwerkern: handget\u00f6pferte Keramik aus Jingdezhen, in Zhejiang gewebtes Leinen, Teebl\u00e4tter, die von \u00c4ltesten in den H\u00fcgeln hinter Pudong gepfl\u00fcckt wurden. Jedes Detail wurde nicht nach Trend, sondern nach Wahrheit ausgew\u00e4hlt.<\/p><p>Wir haben uns geweigert, Fernseher in den Zimmern zu installieren. Warum? Weil wir bemerkt haben, dass die G\u00e4ste den ganzen Tag auf Bildschirme starren \u2013 im Zug, in Meetings, im Bett. Stattdessen haben wir Tageb\u00fccher neben das Bett gelegt. Einen einzelnen Stift. Eine Notiz: <em>\u201eSchreiben Sie, wovor Sie davonlaufen.\u201c<\/em><\/p><p>Wir haben unsere Mitarbeiter nicht in vorgefertigten Begr\u00fc\u00dfungen geschult, sondern in Pr\u00e4senz. Sie sollen bemerken, wenn ein Gast zu lange im Garten verweilt. Ihnen soll eine Tasse warmen Kamillentee vor der T\u00fcr stehen, ohne anzuklopfen. Sie sollen sich daran erinnern, dass der Name eines Gastes nicht nur ein Reservierungscode ist \u2013 er steht f\u00fcr eine Person, die ihre Ersch\u00f6pfung hierhergetragen hat.<\/p><p>Das Restaurant, <em>Yunhe-Tisch<\/em>war nie als Restaurant gedacht. Es sollte ein Ritual sein. Unser Chefkoch, einst ein mit einem Michelin-Stern ausgezeichneter Techniker, verlie\u00df die Hochdruckk\u00fcchen der Stadt, um nach den Jahreszeiten zu kochen \u2013 nicht nach der Speisekarte. Er sammelt Wildgem\u00fcse mit lokalen Bauern. Er fermentiert seine eigene Sojasauce. Er serviert Gerichte, die nach Erinnerungen schmecken: geschmorter Schweinebauch, der nach den Wintern der Kindheit riecht, Lotuswurzelsuppe, die den Kopf frei macht, Litschi-Chili-Martinis, die Sie zum L\u00e4cheln bringen, ohne zu wissen, warum.<\/p><p>Und die G\u00e4ste? Sie kamen \u2013 nicht wegen der instagrammablen Lobbys, sondern wegen etwas, das sie nicht benennen konnten. Ein Gesch\u00e4ftsreisender, der nach seinem ersten Atemzug Morgenluft weinte. Eine Mutter und Tochter, die drei Wochen blieben, weil \u201ees sich wie nach Hause kommen anf\u00fchlte, obwohl wir noch nie hier gewesen waren.\u201c Ein Dichter, der unter dem Banyanbaum eine ganze Sammlung schrieb und sie mit einer einzigen Zeile an unserer Rezeption hinterlie\u00df: <em>\u201eDieser Ort hat mir meine Stille zur\u00fcckgegeben.\u201c<\/em><\/p><p>Heute sind wir nicht das gr\u00f6\u00dfte Hotel in Pudong.<br \/>Wir sind nicht die Lautesten.<br \/>Wir haben weder einen Pool auf dem Dach noch eine Champagnerbar.<\/p><p>Aber wir haben etwas Selteneres:<br \/><strong>Ein Ort, an dem die Menschen sich daran erinnern, wie man still ist.<\/strong><\/p><p>Wir bezeichnen uns nicht als Luxushotel.<br \/>Wir nennen uns ein Heiligtum.<\/p><p>Und unsere Geschichte? Sie wird immer noch geschrieben \u2013 von jedem Gast, der durch unsere Tore geht, seinen L\u00e4rm an der T\u00fcr hinterl\u00e4sst und kein Souvenir mit nach Hause nimmt \u2026 sondern ein Gef\u00fchl des Friedens.<\/p><p>Denn manchmal ist das Revolution\u00e4rste, was Sie in einer hypervernetzten Welt anbieten k\u00f6nnen \u2026<br \/>\u2026ist einfach, still zu sein.<\/p><p data-spm-anchor-id=\"a2ty_o01.29997173.0.i135.48c8c921HQqKRc\">\u2014 <em>Shanghai Yunhe Yebo Hotel, seit 2021<\/em><br \/><em>Wo die Stadt verblasst. Und du erinnerst dich, wer du bist.<\/em><\/p>\t\t\t\t\t\t\t\t<\/div>\n\t\t\t\t\t<\/div>\n\t\t\t\t<\/div>\n\t\t\t\t<section class=\"elementor-section elementor-top-section elementor-element elementor-element-1baee196 elementor-section-stretched elementor-section-boxed elementor-section-gap-beside-yes elementor-section-height-default elementor-section-height-default elementor-section-column-vertical-align-stretch\" data-id=\"1baee196\" data-element_type=\"section\" data-e-type=\"section\" data-settings=\"{&quot;background_background&quot;:&quot;classic&quot;,&quot;stretch_section&quot;:&quot;section-stretched&quot;}\">\n\t\t\t\t\t\t<div class=\"elementor-container elementor-column-gap-extended\">\n\t\t\t\t\t<div class=\"elementor-column elementor-col-100 elementor-top-column elementor-element elementor-element-31be377b\" data-id=\"31be377b\" data-element_type=\"column\" data-e-type=\"column\">\n\t\t\t<div class=\"elementor-widget-wrap elementor-element-populated\">\n\t\t\t\t\t\t<div class=\"elementor-element elementor-element-5a1589b8 elementor-widget elementor-widget-nuss-heading\" data-id=\"5a1589b8\" data-element_type=\"widget\" data-e-type=\"widget\" data-widget_type=\"nuss-heading.default\">\n\t\t\t\t<div class=\"elementor-widget-container\">\n\t\t\t\t\t\t\t<div class=\"nuss-modern-heading\">\r\n\t\t\t\t\t\t<div class=\"heading-secondary-wrap\">\r\n\t\t\t\t<h3 class=\"heading-secondary elementor-heading-title\">Verf\u00fcgbarkeit pr\u00fcfen <\/h3>\t\t\t<\/div>\r\n\t\t\r\n\t\t\t\r\n\t\t\t\r\n\t\t\t\t\t<\/div>\r\n\t\t\t\t\t<\/div>\n\t\t\t\t<\/div>\n\t\t\t\t<div class=\"elementor-element elementor-element-3ab5412f elementor-widget elementor-widget-text-editor\" data-id=\"3ab5412f\" data-element_type=\"widget\" data-e-type=\"widget\" data-widget_type=\"text-editor.default\">\n\t\t\t\t\t\t\t\t\t<iframe border=\"0\" src=\"https:\/\/www.trip.com\/partners\/ad\/S5453884?Allianceid=4590391&#038;SID=260846636&#038;trip_sub1=\" style=\"width:120px;height:200px\" frameborder=\"0\" scrolling=\"no\" id=\"S5453884\"><\/iframe>\t\t\t\t\t\t\t\t<\/div>\n\t\t\t\t\t<\/div>\n\t\t<\/div>\n\t\t\t\t\t<\/div>\n\t\t<\/section>\n\t\t\t\t<\/div>","protected":false},"excerpt":{"rendered":"<p>Where Silence Was the First Blueprint Shanghai Yunhe Yebo Hotel was not born from a business plan\u2014it was born from a longing. In 2020, as Shanghai surged back to life after months of stillness, its streets pulsed louder than ever. Skyscrapers glittered, neon signs flickered, and the rhythm of commerce drowned out the quiet. But [&hellip;]<\/p>\n","protected":false},"author":1,"featured_media":0,"parent":0,"menu_order":0,"comment_status":"closed","ping_status":"closed","template":"","meta":{"footnotes":""},"class_list":["post-2104","page","type-page","status-publish","hentry","post-no-thumbnail"],"_links":{"self":[{"href":"https:\/\/shanghaiyunheyebohotel.com\/de\/wp-json\/wp\/v2\/pages\/2104","targetHints":{"allow":["GET"]}}],"collection":[{"href":"https:\/\/shanghaiyunheyebohotel.com\/de\/wp-json\/wp\/v2\/pages"}],"about":[{"href":"https:\/\/shanghaiyunheyebohotel.com\/de\/wp-json\/wp\/v2\/types\/page"}],"author":[{"embeddable":true,"href":"https:\/\/shanghaiyunheyebohotel.com\/de\/wp-json\/wp\/v2\/users\/1"}],"replies":[{"embeddable":true,"href":"https:\/\/shanghaiyunheyebohotel.com\/de\/wp-json\/wp\/v2\/comments?post=2104"}],"version-history":[{"count":0,"href":"https:\/\/shanghaiyunheyebohotel.com\/de\/wp-json\/wp\/v2\/pages\/2104\/revisions"}],"wp:attachment":[{"href":"https:\/\/shanghaiyunheyebohotel.com\/de\/wp-json\/wp\/v2\/media?parent=2104"}],"curies":[{"name":"wp","href":"https:\/\/api.w.org\/{rel}","templated":true}]}}