{"id":5266,"date":"2021-07-18T08:03:35","date_gmt":"2021-07-18T08:03:35","guid":{"rendered":"https:\/\/nuss.uxper.co\/luxury-resort\/?page_id=5266"},"modified":"2025-09-19T03:57:56","modified_gmt":"2025-09-19T03:57:56","slug":"uber-uns","status":"publish","type":"page","link":"https:\/\/shanghaiyunheyebohotel.com\/de\/uber-uns\/","title":{"rendered":"\u00dcber uns"},"content":{"rendered":"<div data-elementor-type=\"wp-page\" data-elementor-id=\"5266\" class=\"elementor elementor-5266\">\n\t\t\t\t\t\t<section class=\"elementor-section elementor-top-section elementor-element elementor-element-10416953 elementor-section-boxed elementor-section-gap-beside-yes elementor-section-height-default elementor-section-height-default elementor-section-column-vertical-align-stretch\" data-id=\"10416953\" data-element_type=\"section\" data-e-type=\"section\">\n\t\t\t\t\t\t<div class=\"elementor-container elementor-column-gap-extended\">\n\t\t\t\t\t<div class=\"elementor-column elementor-col-100 elementor-top-column elementor-element elementor-element-29c6aa8\" data-id=\"29c6aa8\" data-element_type=\"column\" data-e-type=\"column\">\n\t\t\t<div class=\"elementor-widget-wrap elementor-element-populated\">\n\t\t\t\t\t\t<div class=\"elementor-element elementor-element-7be18fe7 elementor-widget__width-initial elementor-invisible elementor-widget elementor-widget-text-editor\" data-id=\"7be18fe7\" data-element_type=\"widget\" data-e-type=\"widget\" data-settings=\"{&quot;_animation&quot;:&quot;nussFadeInUp&quot;}\" data-widget_type=\"text-editor.default\">\n\t\t\t\t\t\t\t\t\t<p>Eingebettet in die ruhigen, von B\u00e4umen ges\u00e4umten Gassen des Dorfes Lianmin in Chuansha New Town definiert das Shanghai Yunhe Yebo Hotel den urbanen R\u00fcckzugsort f\u00fcr den modernen Reisenden neu, der Authentizit\u00e4t, Ruhe und gef\u00fchlvolles Design sucht.<\/p>\t\t\t\t\t\t\t\t<\/div>\n\t\t\t\t\t<\/div>\n\t\t<\/div>\n\t\t\t\t\t<\/div>\n\t\t<\/section>\n\t\t\t\t<section class=\"elementor-section elementor-top-section elementor-element elementor-element-7d18327f elementor-section-boxed elementor-section-gap-beside-yes elementor-section-height-default elementor-section-height-default elementor-section-column-vertical-align-stretch\" data-id=\"7d18327f\" data-element_type=\"section\" data-e-type=\"section\">\n\t\t\t\t\t\t<div class=\"elementor-container elementor-column-gap-extended\">\n\t\t\t\t\t<div class=\"elementor-column elementor-col-50 elementor-top-column elementor-element elementor-element-56533670\" data-id=\"56533670\" data-element_type=\"column\" data-e-type=\"column\">\n\t\t\t<div class=\"elementor-widget-wrap elementor-element-populated\">\n\t\t\t\t\t\t<div class=\"elementor-element elementor-element-19c3f543 elementor-invisible elementor-widget elementor-widget-text-editor\" data-id=\"19c3f543\" data-element_type=\"widget\" data-e-type=\"widget\" data-settings=\"{&quot;_animation&quot;:&quot;nussFadeInUp&quot;}\" data-widget_type=\"text-editor.default\">\n\t\t\t\t\t\t\t\t\t<p data-spm-anchor-id=\"a2ty_o01.29997173.0.i96.48c8c921HQqKRc\">Anders als die hoch aufragenden Glashotels im Zentrum von Pudong bietet dieser versteckte R\u00fcckzugsort eine harmonische Mischung aus modernem Minimalismus und einheimischer Ruhe \u2013 wo das Summen der Stadt im Rascheln des Bambus und dem sanften Schein der von Laternen beleuchteten Innenh\u00f6fe verschwindet.<\/p><div class=\"my-2\">\u00a0<\/div><p data-spm-anchor-id=\"a2ty_o01.29997173.0.i99.48c8c921HQqKRc\">Das Shanghai Yunhe Yebo Hotel im Geb\u00e4ude 54, Nr. 179 Lianmin Village, ist mehr als nur ein Ort zum Schlafen \u2013 es ist ein R\u00fcckzugsort f\u00fcr aufmerksame Reisende, die sich nach Tiefe statt nach Glanz sehnen. Nur 20 Minuten vom internationalen Flughafen Shanghai Pudong und eine kurze Fahrt von der futuristischen Skyline von Lujiazui entfernt, bietet das Hotel die perfekte Balance zwischen Erreichbarkeit und Abgeschiedenheit. Ob Sie gesch\u00e4ftlich, zum Wellnessen oder f\u00fcr einen romantischen Kurzurlaub unterwegs sind, unsere durchdacht gestalteten Zimmer laden mit Naturholzoberfl\u00e4chen, raumhohen Fenstern mit Blick auf den privaten Garten und kuratierter Kunst, inspiriert vom lokalen Chuansha-Erbe, zur Ruhe ein.<\/p>\t\t\t\t\t\t\t\t<\/div>\n\t\t\t\t\t<\/div>\n\t\t<\/div>\n\t\t\t\t<div class=\"elementor-column elementor-col-50 elementor-top-column elementor-element elementor-element-30f14127\" data-id=\"30f14127\" data-element_type=\"column\" data-e-type=\"column\">\n\t\t\t<div class=\"elementor-widget-wrap elementor-element-populated\">\n\t\t\t\t\t\t<div class=\"elementor-element elementor-element-59aea08 elementor-widget elementor-widget-image\" data-id=\"59aea08\" data-element_type=\"widget\" data-e-type=\"widget\" data-widget_type=\"image.default\">\n\t\t\t\t\t\t\t\t\t\t\t\t\t\t\t<img fetchpriority=\"high\" decoding=\"async\" width=\"1024\" height=\"768\" src=\"https:\/\/shanghaiyunheyebohotel.com\/wp-content\/uploads\/2025\/09\/Shanghai-Yunhe-Yebo-Hotel-7-1024x768.webp\" class=\"attachment-large size-large wp-image-6406\" alt=\"\" srcset=\"https:\/\/shanghaiyunheyebohotel.com\/wp-content\/uploads\/2025\/09\/Shanghai-Yunhe-Yebo-Hotel-7-1024x768.webp 1024w, https:\/\/shanghaiyunheyebohotel.com\/wp-content\/uploads\/2025\/09\/Shanghai-Yunhe-Yebo-Hotel-7-300x225.webp 300w, https:\/\/shanghaiyunheyebohotel.com\/wp-content\/uploads\/2025\/09\/Shanghai-Yunhe-Yebo-Hotel-7-768x576.webp 768w, https:\/\/shanghaiyunheyebohotel.com\/wp-content\/uploads\/2025\/09\/Shanghai-Yunhe-Yebo-Hotel-7-16x12.webp 16w, https:\/\/shanghaiyunheyebohotel.com\/wp-content\/uploads\/2025\/09\/Shanghai-Yunhe-Yebo-Hotel-7.webp 1137w\" sizes=\"(max-width: 1024px) 100vw, 1024px\" \/>\t\t\t\t\t\t\t\t\t\t\t\t\t\t\t<\/div>\n\t\t\t\t\t<\/div>\n\t\t<\/div>\n\t\t\t\t\t<\/div>\n\t\t<\/section>\n\t\t\t\t<section class=\"elementor-section elementor-top-section elementor-element elementor-element-29fb8578 elementor-section-height-min-height elementor-section-stretched elementor-section-full_width elementor-section-items-stretch elementor-section-height-default elementor-section-column-vertical-align-stretch\" data-id=\"29fb8578\" data-element_type=\"section\" data-e-type=\"section\" data-settings=\"{&quot;stretch_section&quot;:&quot;section-stretched&quot;}\">\n\t\t\t\t\t\t<div class=\"elementor-container elementor-column-gap-no\">\n\t\t\t\t\t<div class=\"elementor-column elementor-col-50 elementor-top-column elementor-element elementor-element-40ac270b\" data-id=\"40ac270b\" data-element_type=\"column\" data-e-type=\"column\">\n\t\t\t<div class=\"elementor-widget-wrap elementor-element-populated\">\n\t\t\t\t\t\t<div class=\"elementor-element elementor-element-20872773 elementor-widget__width-initial elementor-widget-mobile__width-inherit elementor-invisible nuss-elementor-loading nuss-slide-in-right elementor-widget elementor-widget-image\" data-id=\"20872773\" data-element_type=\"widget\" data-e-type=\"widget\" data-settings=\"{&quot;_animation&quot;:&quot;nussSlideInRight&quot;}\" data-widget_type=\"image.default\">\n\t\t\t\t\t\t\t\t\t\t\t\t\t\t\t<img decoding=\"async\" width=\"1280\" height=\"853\" src=\"https:\/\/shanghaiyunheyebohotel.com\/wp-content\/uploads\/2025\/09\/Shanghai-Yunhe-Yebo-Hotel-10.webp\" class=\"attachment-full size-full wp-image-6409\" alt=\"\" srcset=\"https:\/\/shanghaiyunheyebohotel.com\/wp-content\/uploads\/2025\/09\/Shanghai-Yunhe-Yebo-Hotel-10.webp 1280w, https:\/\/shanghaiyunheyebohotel.com\/wp-content\/uploads\/2025\/09\/Shanghai-Yunhe-Yebo-Hotel-10-300x200.webp 300w, https:\/\/shanghaiyunheyebohotel.com\/wp-content\/uploads\/2025\/09\/Shanghai-Yunhe-Yebo-Hotel-10-1024x682.webp 1024w, https:\/\/shanghaiyunheyebohotel.com\/wp-content\/uploads\/2025\/09\/Shanghai-Yunhe-Yebo-Hotel-10-768x512.webp 768w, https:\/\/shanghaiyunheyebohotel.com\/wp-content\/uploads\/2025\/09\/Shanghai-Yunhe-Yebo-Hotel-10-18x12.webp 18w\" sizes=\"(max-width: 1280px) 100vw, 1280px\" \/>\t\t\t\t\t\t\t\t\t\t\t\t\t\t\t<\/div>\n\t\t\t\t\t<\/div>\n\t\t<\/div>\n\t\t\t\t<div class=\"elementor-column elementor-col-50 elementor-top-column elementor-element elementor-element-2dac103\" data-id=\"2dac103\" data-element_type=\"column\" data-e-type=\"column\">\n\t\t\t<div class=\"elementor-widget-wrap elementor-element-populated\">\n\t\t\t\t\t\t<div class=\"elementor-element elementor-element-6f1b8966 elementor-invisible elementor-widget elementor-widget-text-editor\" data-id=\"6f1b8966\" data-element_type=\"widget\" data-e-type=\"widget\" data-settings=\"{&quot;_animation&quot;:&quot;nussFadeInUp&quot;}\" data-widget_type=\"text-editor.default\">\n\t\t\t\t\t\t\t\t\t<p data-spm-anchor-id=\"a2ty_o01.29997173.0.i100.48c8c921HQqKRc\">Speisen Sie unter freiem Himmel in unserem hauseigenen Restaurant, wo saisonale Zutaten von nahegelegenen Bauernh\u00f6fen auf innovative Shanghaier Aromen treffen \u2013 denken Sie an duftenden geschmorten Schweinebauch mit fermentierter Schwarzbohnenglasur, handgezogene Nudeln mit Wildkr\u00e4utern und handwerklich gebr\u00fchten Tee aus Bergbl\u00e4ttern. Jedes Gericht erz\u00e4hlt eine Geschichte von Land, Jahreszeit und Stille.<\/p><p>Unser Service ist bewusst dezent: keine lauten Rezeptionen, kein \u00fcberst\u00fcrztes Einchecken \u2013 nur pers\u00f6nliche Aufmerksamkeiten wie handschriftliche Notizen, speziell f\u00fcr Sie geplante Fahrradrouten bei Sonnenuntergang und kostenloser Kr\u00e4utertee bei Einbruch der Dunkelheit. F\u00fcr Reisende, die den \u00fcblichen Luxus satt haben, bietet Yunhe Yebo etwas Selteneres: Pr\u00e4senz.<\/p><p>Entdecken Sie das kulturelle Herzst\u00fcck Ost-Shanghais \u2013 von alten Tempeln und Biom\u00e4rkten bis hin zu den ruhigen Feuchtgebieten von Dongtan \u2013 alles bequem erreichbar. Ob Sie einen ruhigen Aufenthalt in Pudong, ein Boutique-Refugium in Flughafenn\u00e4he oder ein intensives Erlebnis abseits der Touristenstr\u00f6me suchen, das Shanghai Yunhe Yebo Hotel l\u00e4dt Sie ein, zu entschleunigen, tief durchzuatmen und neu zu entdecken, was es bedeutet, wirklich anzukommen.<\/p><p>Buchen Sie Ihren Kurzurlaub noch heute \u2013 und entdecken Sie, warum anspruchsvolle Reisende Yunhe Yebo mittlerweile als \u201eShanghais bestgeh\u00fctetes Geheimnis\u201c bezeichnen.<\/p><p data-spm-anchor-id=\"a2ty_o01.29997173.0.i101.48c8c921HQqKRc\"><em>Perfekt f\u00fcr: Gesch\u00e4ftsreisende auf der Suche nach Ruhe \u2022 Paare auf romantischem Kurzurlaub \u2022 Wellness-Touristen \u2022 Digitale Nomaden \u2022 Umweltbewusste Entdecker \u2022 Alle, die nach Boutique-Hotels in der N\u00e4he des Flughafens Shanghai Pudong suchen<\/em><\/p>\t\t\t\t\t\t\t\t<\/div>\n\t\t\t\t\t<\/div>\n\t\t<\/div>\n\t\t\t\t\t<\/div>\n\t\t<\/section>\n\t\t\t\t<section class=\"elementor-section elementor-top-section elementor-element elementor-element-2092b7d0 elementor-section-stretched elementor-section-boxed elementor-section-gap-beside-yes elementor-section-height-default elementor-section-height-default elementor-section-column-vertical-align-stretch\" data-id=\"2092b7d0\" data-element_type=\"section\" data-e-type=\"section\" data-settings=\"{&quot;background_background&quot;:&quot;classic&quot;,&quot;stretch_section&quot;:&quot;section-stretched&quot;}\">\n\t\t\t\t\t\t<div class=\"elementor-container elementor-column-gap-extended\">\n\t\t\t\t\t<div class=\"elementor-column elementor-col-100 elementor-top-column elementor-element elementor-element-be69d75\" data-id=\"be69d75\" data-element_type=\"column\" data-e-type=\"column\">\n\t\t\t<div class=\"elementor-widget-wrap elementor-element-populated\">\n\t\t\t\t\t\t<div class=\"elementor-element elementor-element-320c022 elementor-widget elementor-widget-nuss-heading\" data-id=\"320c022\" data-element_type=\"widget\" data-e-type=\"widget\" data-widget_type=\"nuss-heading.default\">\n\t\t\t\t<div class=\"elementor-widget-container\">\n\t\t\t\t\t\t\t<div class=\"nuss-modern-heading\">\r\n\t\t\t\t\t\t<div class=\"heading-secondary-wrap\">\r\n\t\t\t\t<h3 class=\"heading-secondary elementor-heading-title\">Verf\u00fcgbarkeit pr\u00fcfen <\/h3>\t\t\t<\/div>\r\n\t\t\r\n\t\t\t\r\n\t\t\t\r\n\t\t\t\t\t<\/div>\r\n\t\t\t\t\t<\/div>\n\t\t\t\t<\/div>\n\t\t\t\t<div class=\"elementor-element elementor-element-0a92c0a elementor-widget elementor-widget-text-editor\" data-id=\"0a92c0a\" data-element_type=\"widget\" data-e-type=\"widget\" data-widget_type=\"text-editor.default\">\n\t\t\t\t\t\t\t\t\t<iframe border=\"0\" src=\"https:\/\/www.trip.com\/partners\/ad\/S5453884?Allianceid=4590391&#038;SID=260846636&#038;trip_sub1=\" style=\"width:120px;height:200px\" frameborder=\"0\" scrolling=\"no\" id=\"S5453884\"><\/iframe>\t\t\t\t\t\t\t\t<\/div>\n\t\t\t\t\t<\/div>\n\t\t<\/div>\n\t\t\t\t\t<\/div>\n\t\t<\/section>\n\t\t\t\t<\/div>","protected":false},"excerpt":{"rendered":"<p>Nestled in the quiet, tree-lined lanes of Lianmin Village in Chuansha New Town, Shanghai Yunhe Yebo Hotel redefines urban escape for the modern traveler seeking authenticity, serenity, and soulful design. Unlike the towering glass hotels of central Pudong, this hidden retreat offers a harmonious blend of contemporary minimalism and indigenous tranquility\u2014where the hum of the [&hellip;]<\/p>\n","protected":false},"author":1,"featured_media":0,"parent":0,"menu_order":0,"comment_status":"closed","ping_status":"closed","template":"","meta":{"footnotes":""},"class_list":["post-5266","page","type-page","status-publish","hentry","post-no-thumbnail"],"_links":{"self":[{"href":"https:\/\/shanghaiyunheyebohotel.com\/de\/wp-json\/wp\/v2\/pages\/5266","targetHints":{"allow":["GET"]}}],"collection":[{"href":"https:\/\/shanghaiyunheyebohotel.com\/de\/wp-json\/wp\/v2\/pages"}],"about":[{"href":"https:\/\/shanghaiyunheyebohotel.com\/de\/wp-json\/wp\/v2\/types\/page"}],"author":[{"embeddable":true,"href":"https:\/\/shanghaiyunheyebohotel.com\/de\/wp-json\/wp\/v2\/users\/1"}],"replies":[{"embeddable":true,"href":"https:\/\/shanghaiyunheyebohotel.com\/de\/wp-json\/wp\/v2\/comments?post=5266"}],"version-history":[{"count":0,"href":"https:\/\/shanghaiyunheyebohotel.com\/de\/wp-json\/wp\/v2\/pages\/5266\/revisions"}],"wp:attachment":[{"href":"https:\/\/shanghaiyunheyebohotel.com\/de\/wp-json\/wp\/v2\/media?parent=5266"}],"curies":[{"name":"wp","href":"https:\/\/api.w.org\/{rel}","templated":true}]}}