{"id":612,"date":"2021-03-26T10:04:13","date_gmt":"2021-03-26T10:04:13","guid":{"rendered":"http:\/\/localhost\/nuss\/?page_id=612"},"modified":"2025-09-19T05:56:51","modified_gmt":"2025-09-19T05:56:51","slug":"restaurant","status":"publish","type":"page","link":"https:\/\/shanghaiyunheyebohotel.com\/de\/restaurant\/","title":{"rendered":"Restaurant"},"content":{"rendered":"<div data-elementor-type=\"wp-page\" data-elementor-id=\"612\" class=\"elementor elementor-612\">\n\t\t\t\t\t\t<section class=\"elementor-section elementor-top-section elementor-element elementor-element-e2effe8 elementor-section-boxed elementor-section-gap-beside-yes elementor-section-height-default elementor-section-height-default elementor-section-column-vertical-align-stretch\" data-id=\"e2effe8\" data-element_type=\"section\" data-e-type=\"section\">\n\t\t\t\t\t\t<div class=\"elementor-container elementor-column-gap-extended\">\n\t\t\t\t\t<div class=\"elementor-column elementor-col-100 elementor-top-column elementor-element elementor-element-e18f688\" data-id=\"e18f688\" data-element_type=\"column\" data-e-type=\"column\">\n\t\t\t<div class=\"elementor-widget-wrap elementor-element-populated\">\n\t\t\t\t\t\t<div class=\"elementor-element elementor-element-6db146d elementor-widget__width-initial elementor-invisible elementor-widget elementor-widget-text-editor\" data-id=\"6db146d\" data-element_type=\"widget\" data-e-type=\"widget\" data-settings=\"{&quot;_animation&quot;:&quot;nussFadeInUp&quot;}\" data-widget_type=\"text-editor.default\">\n\t\t\t\t\t\t\t\t\t<p><strong data-spm-anchor-id=\"a2ty_o01.29997173.0.i138.48c8c921HQqKRc\">Wo Shanghais Seele auf die Erde trifft \u2013 Ein kulinarisches Refugium jenseits des Stadtl\u00e4rms<\/strong><\/p>\t\t\t\t\t\t\t\t<\/div>\n\t\t\t\t\t<\/div>\n\t\t<\/div>\n\t\t\t\t\t<\/div>\n\t\t<\/section>\n\t\t<div class=\"elementor-element elementor-element-764955e e-flex e-con-boxed e-con e-parent\" data-id=\"764955e\" data-element_type=\"container\" data-e-type=\"container\">\n\t\t\t\t\t<div class=\"e-con-inner\">\n\t\t<div class=\"elementor-element elementor-element-3a71d84 e-con-full e-flex e-con e-child\" data-id=\"3a71d84\" data-element_type=\"container\" data-e-type=\"container\">\n\t\t\t\t<div class=\"elementor-element elementor-element-81a00fb elementor-widget elementor-widget-text-editor\" data-id=\"81a00fb\" data-element_type=\"widget\" data-e-type=\"widget\" data-widget_type=\"text-editor.default\">\n\t\t\t\t\t\t\t\t\t<p data-spm-anchor-id=\"a2ty_o01.29997173.0.i139.48c8c921HQqKRc\">Eingebettet in die stille Umarmung des Lianmin Village, gleich hinter der glitzernden Skyline von Pudong, ist das Yunhe Table nicht nur ein Restaurant \u2013 es ist ein essbares Gedicht, ein langsames Ritual des Geschmacks und der Stille, geschaffen f\u00fcr diejenigen, die Nahrung jenseits des Tellers suchen. Im Shanghai Yunhe Yebo Hotel, wo Stille heilig und Pr\u00e4senz an erster Stelle steht, definiert unser kulinarisches Erlebnis neu, was Essen im modernen China bedeutet.<\/p><div class=\"my-2\">\u00a0<\/div><p>Vergessen Sie laute K\u00fcchen, \u00fcbereilten Service oder Men\u00fcs, die auf Massenanklang ausgelegt sind. Yunhe Table entstand aus einer stillen Revolution: dem Glauben, dass wahrer Luxus nicht in vergoldetem Besteck liegt, sondern in der Reinheit einer einzigen Zutat, die im Morgengrauen von lokalen Bauern geerntet wird, die das Land wie eine Familie kennen. Hier wird nicht serviert \u2013 es ist <em>angeboten<\/em>, mit Ehrfurcht, Rhythmus und tief verwurzelter Absicht.<\/p>\t\t\t\t\t\t\t\t<\/div>\n\t\t\t\t<\/div>\n\t\t<div class=\"elementor-element elementor-element-bb76a06 e-con-full e-flex e-con e-child\" data-id=\"bb76a06\" data-element_type=\"container\" data-e-type=\"container\">\n\t\t\t\t<div class=\"elementor-element elementor-element-636ac5f elementor-widget elementor-widget-image\" data-id=\"636ac5f\" data-element_type=\"widget\" data-e-type=\"widget\" data-widget_type=\"image.default\">\n\t\t\t\t\t\t\t\t\t\t\t\t\t\t\t<img fetchpriority=\"high\" decoding=\"async\" width=\"1024\" height=\"682\" src=\"https:\/\/shanghaiyunheyebohotel.com\/wp-content\/uploads\/2025\/09\/Shanghai-Yunhe-Yebo-Hotel-75-1024x682.webp\" class=\"attachment-large size-large wp-image-6474\" alt=\"\" srcset=\"https:\/\/shanghaiyunheyebohotel.com\/wp-content\/uploads\/2025\/09\/Shanghai-Yunhe-Yebo-Hotel-75-1024x682.webp 1024w, https:\/\/shanghaiyunheyebohotel.com\/wp-content\/uploads\/2025\/09\/Shanghai-Yunhe-Yebo-Hotel-75-300x200.webp 300w, https:\/\/shanghaiyunheyebohotel.com\/wp-content\/uploads\/2025\/09\/Shanghai-Yunhe-Yebo-Hotel-75-768x512.webp 768w, https:\/\/shanghaiyunheyebohotel.com\/wp-content\/uploads\/2025\/09\/Shanghai-Yunhe-Yebo-Hotel-75-18x12.webp 18w, https:\/\/shanghaiyunheyebohotel.com\/wp-content\/uploads\/2025\/09\/Shanghai-Yunhe-Yebo-Hotel-75.webp 1280w\" sizes=\"(max-width: 1024px) 100vw, 1024px\" \/>\t\t\t\t\t\t\t\t\t\t\t\t\t\t\t<\/div>\n\t\t\t\t<\/div>\n\t\t\t\t\t<\/div>\n\t\t\t\t<\/div>\n\t\t<div class=\"elementor-element elementor-element-55098fb e-flex e-con-boxed e-con e-parent\" data-id=\"55098fb\" data-element_type=\"container\" data-e-type=\"container\">\n\t\t\t\t\t<div class=\"e-con-inner\">\n\t\t\t\t<div class=\"elementor-element elementor-element-059e25a elementor-widget elementor-widget-text-editor\" data-id=\"059e25a\" data-element_type=\"widget\" data-e-type=\"widget\" data-widget_type=\"text-editor.default\">\n\t\t\t\t\t\t\t\t\t<p data-spm-anchor-id=\"a2ty_o01.29997173.0.i140.48c8c921HQqKRc\">Unser K\u00fcchenchef, einst ein Wunderkind der mit Michelin-Sternen ausgezeichneten K\u00fcchen, hat sich vom Trubel der gehobenen Gastronomie der Innenstadt abgewandt und ist zur Erde zur\u00fcckgekehrt. Jedes Gericht auf unserer saisonalen Speisekarte erz\u00e4hlt eine Geschichte von einem Ort \u2013 von den nebelverhangenen Feldern Chuanshas, den Feuchtgebieten Dongtans, wo wilde Kr\u00e4uter ungez\u00e4hmt wachsen, und den Bambusw\u00e4ldern, die durch die Morgenluft fl\u00fcstern. Die Zutaten stammen aus einem Umkreis von 30 Kilometern: Bio-Tofu von einem jahrhundertealten Familienbauernhof, fermentierte schwarze Bohnen, die in Tongef\u00e4\u00dfen gereift sind, handgepfl\u00fcckte Teebl\u00e4tter aus hochgelegenen G\u00e4rten nahe Songjiang und t\u00e4glich eingeflogener Lachs, der dann zu zarten \u201eRosen\u201c verarbeitet und \u00fcber Holzkohle gegrillt wird, deren Bl\u00fctenbl\u00e4tter in der mit Kurkuma angereicherten Glasur gl\u00e4nzen.<\/p><div class=\"my-2\">\u00a0<\/div><p>Das Fr\u00fchst\u00fcck ist kein nachtr\u00e4glicher Einfall \u2013 es ist ein heiliger Anfang. Jeden Morgen zwischen 7 und 10 Uhr werden die G\u00e4ste mit einem sorgf\u00e4ltig ausgew\u00e4hlten, handwerklich zubereiteten Men\u00fc begr\u00fc\u00dft: Steingemahlener Hirsebrei mit Osmanthusbl\u00fcten, hausfermentierter eingelegter Rettich mit einem Hauch Yuzu, warmer Matcha-Latte aus zeremoniellem Pulver und Fr\u00fcchte, so reif, dass sie wie Sommererinnerungen schmecken. Serviert auf handget\u00f6pfertem Porzellan aus Jingdezhen, tr\u00e4gt jeder Bissen die Schwere der Tradition und die Leichtigkeit der Achtsamkeit in sich.<\/p><div class=\"my-2\">\u00a0<\/div><p>Mittag- und Abendessen werden zu einer Reise f\u00fcr alle Sinne. Die Kr\u00e4uternudeln \u2013 hausgemacht aus Buchweizen und wilden Chrysanthemen \u2013 werden in einer 18 Stunden lang gek\u00f6chelten Br\u00fche mit getrockneten Shiitake-Pilzen, Goji-Beeren und einer geheimen Bergkr\u00e4utermischung geschwenkt. Die vegetarische \u201eEarth Bowl\u201c besteht aus ger\u00f6stetem, in Pflaumenessig glasiertem Wurzelgem\u00fcse, geschichtet mit ger\u00f6steten Sesamk\u00f6rnern und essbaren, am Morgen gepfl\u00fcckten Bl\u00fcten. Sogar unsere Cocktails sind botanische Meditationen: Der Lychee-Chili-Martini, gek\u00fchlt mit Eis aus gefiltertem Dorfbrunnenwasser, bietet einen \u00fcberraschenden Tanz aus S\u00fc\u00dfe, Sch\u00e4rfe und Ruhe \u2013 ein Echo der Widerspr\u00fcche Shanghais.<\/p><div class=\"my-2\">\u00a0<\/div><p>Wir haben keine Weinkarte \u2013 wir haben eine <em>Terroir-Gespr\u00e4ch<\/em>. Unser Sommelier kombiniert jeden Gang mit Bioweinen aus kleinen Mengen aus Yunnan, Ningxia und sogar einem seltenen Chenin Blanc, der in den H\u00fcgeln von Pudong selbst angebaut wird. In der Abendd\u00e4mmerung werden Teerituale durchgef\u00fchrt: eine Auswahl von neun Aufg\u00fcssen aus einer einzigen Herkunft, vom alten Pu&#039;er bis zum taufrischen wei\u00dfen Silver Needle, serviert in Keramiktassen, die von den H\u00e4nden unseres Teemeisters erw\u00e4rmt werden.<\/p>\t\t\t\t\t\t\t\t<\/div>\n\t\t\t\t\t<\/div>\n\t\t\t\t<\/div>\n\t\t<div class=\"elementor-element elementor-element-69b9e8a e-flex e-con-boxed e-con e-parent\" data-id=\"69b9e8a\" data-element_type=\"container\" data-e-type=\"container\">\n\t\t\t\t\t<div class=\"e-con-inner\">\n\t\t\t\t<div class=\"elementor-element elementor-element-4bfe964 elementor-widget elementor-widget-nuss-image-gallery\" data-id=\"4bfe964\" data-element_type=\"widget\" data-e-type=\"widget\" data-widget_type=\"nuss-image-gallery.default\">\n\t\t\t\t<div class=\"elementor-widget-container\">\n\t\t\t\t\t\t\t<div class=\"nuss-grid-wrapper\" data-grid=\"{&quot;type&quot;:&quot;grid&quot;,&quot;ratio&quot;:null,&quot;columns&quot;:3,&quot;gutter&quot;:30}\">\r\n\t\t\t<div class=\"nuss-grid lazy-grid\">\r\n\t\t\t\t<div class=\"grid-sizer\"><\/div>\r\n\r\n\t\t\t\t\t\t\t\t\t\t\t\t<div class=\"grid-item\">\r\n\t\t\t\t\t\t<div class=\"nuss-box\">\t\t<div class=\"nuss-image image\">\r\n\t\t\t<img decoding=\"async\"  src=\"https:\/\/shanghaiyunheyebohotel.com\/wp-content\/uploads\/2025\/09\/Shanghai-Yunhe-Yebo-Hotel-63.webp\" alt=\"Shanghai Yunhe Yebo Hotel (63)\" \/>\t\t<\/div>\r\n\t\t\t\t<\/div>\t\t\t\t\t<\/div>\r\n\t\t\t\t\t\t<div class=\"grid-item\">\r\n\t\t\t\t\t\t<div class=\"nuss-box\">\t\t<div class=\"nuss-image image\">\r\n\t\t\t<img decoding=\"async\"  src=\"https:\/\/shanghaiyunheyebohotel.com\/wp-content\/uploads\/2025\/09\/Shanghai-Yunhe-Yebo-Hotel-62.webp\" alt=\"Shanghai Yunhe Yebo Hotel (62)\" \/>\t\t<\/div>\r\n\t\t\t\t<\/div>\t\t\t\t\t<\/div>\r\n\t\t\t\t\t\t<div class=\"grid-item\">\r\n\t\t\t\t\t\t<div class=\"nuss-box\">\t\t<div class=\"nuss-image image\">\r\n\t\t\t<img decoding=\"async\"  src=\"https:\/\/shanghaiyunheyebohotel.com\/wp-content\/uploads\/2025\/09\/Shanghai-Yunhe-Yebo-Hotel-60.webp\" alt=\"Shanghai Yunhe Yebo Hotel (60)\" \/>\t\t<\/div>\r\n\t\t\t\t<\/div>\t\t\t\t\t<\/div>\r\n\t\t\t\t\t\t<div class=\"grid-item\">\r\n\t\t\t\t\t\t<div class=\"nuss-box\">\t\t<div class=\"nuss-image image\">\r\n\t\t\t<img decoding=\"async\"  src=\"https:\/\/shanghaiyunheyebohotel.com\/wp-content\/uploads\/2025\/09\/Shanghai-Yunhe-Yebo-Hotel-61.webp\" alt=\"Shanghai Yunhe Yebo Hotel (61)\" \/>\t\t<\/div>\r\n\t\t\t\t<\/div>\t\t\t\t\t<\/div>\r\n\t\t\t\t\t\t<div class=\"grid-item\">\r\n\t\t\t\t\t\t<div class=\"nuss-box\">\t\t<div class=\"nuss-image image\">\r\n\t\t\t<img decoding=\"async\"  src=\"https:\/\/shanghaiyunheyebohotel.com\/wp-content\/uploads\/2025\/09\/Shanghai-Yunhe-Yebo-Hotel-59.webp\" alt=\"Shanghai Yunhe Yebo Hotel (59)\" \/>\t\t<\/div>\r\n\t\t\t\t<\/div>\t\t\t\t\t<\/div>\r\n\t\t\t\t\t\t<div class=\"grid-item\">\r\n\t\t\t\t\t\t<div class=\"nuss-box\">\t\t<div class=\"nuss-image image\">\r\n\t\t\t<img decoding=\"async\"  src=\"https:\/\/shanghaiyunheyebohotel.com\/wp-content\/uploads\/2025\/09\/Shanghai-Yunhe-Yebo-Hotel-58.webp\" alt=\"Shanghai Yunhe Yebo Hotel (58)\" \/>\t\t<\/div>\r\n\t\t\t\t<\/div>\t\t\t\t\t<\/div>\r\n\t\t\t\t\t\t<div class=\"grid-item\">\r\n\t\t\t\t\t\t<div class=\"nuss-box\">\t\t<div class=\"nuss-image image\">\r\n\t\t\t<img decoding=\"async\"  src=\"https:\/\/shanghaiyunheyebohotel.com\/wp-content\/uploads\/2025\/09\/Shanghai-Yunhe-Yebo-Hotel-64.webp\" alt=\"Shanghai Yunhe Yebo Hotel (64)\" \/>\t\t<\/div>\r\n\t\t\t\t<\/div>\t\t\t\t\t<\/div>\r\n\t\t\t\t\t\t<div class=\"grid-item\">\r\n\t\t\t\t\t\t<div class=\"nuss-box\">\t\t<div class=\"nuss-image image\">\r\n\t\t\t<img decoding=\"async\"  src=\"https:\/\/shanghaiyunheyebohotel.com\/wp-content\/uploads\/2025\/09\/Shanghai-Yunhe-Yebo-Hotel-66.webp\" alt=\"Shanghai Yunhe Yebo Hotel (66)\" \/>\t\t<\/div>\r\n\t\t\t\t<\/div>\t\t\t\t\t<\/div>\r\n\t\t\t\t\t\t<div class=\"grid-item\">\r\n\t\t\t\t\t\t<div class=\"nuss-box\">\t\t<div class=\"nuss-image image\">\r\n\t\t\t<img decoding=\"async\"  src=\"https:\/\/shanghaiyunheyebohotel.com\/wp-content\/uploads\/2025\/09\/Shanghai-Yunhe-Yebo-Hotel-68.webp\" alt=\"Shanghai Yunhe Yebo Hotel (68)\" \/>\t\t<\/div>\r\n\t\t\t\t<\/div>\t\t\t\t\t<\/div>\r\n\t\t\t\t\t\t<div class=\"grid-item\">\r\n\t\t\t\t\t\t<div class=\"nuss-box\">\t\t<div class=\"nuss-image image\">\r\n\t\t\t<img decoding=\"async\"  src=\"https:\/\/shanghaiyunheyebohotel.com\/wp-content\/uploads\/2025\/09\/Shanghai-Yunhe-Yebo-Hotel-69.webp\" alt=\"Shanghai Yunhe Yebo Hotel (69)\" \/>\t\t<\/div>\r\n\t\t\t\t<\/div>\t\t\t\t\t<\/div>\r\n\t\t\t\t\t\t<div class=\"grid-item\">\r\n\t\t\t\t\t\t<div class=\"nuss-box\">\t\t<div class=\"nuss-image image\">\r\n\t\t\t<img decoding=\"async\"  src=\"https:\/\/shanghaiyunheyebohotel.com\/wp-content\/uploads\/2025\/09\/Shanghai-Yunhe-Yebo-Hotel-71.webp\" alt=\"Shanghai Yunhe Yebo Hotel (71)\" \/>\t\t<\/div>\r\n\t\t\t\t<\/div>\t\t\t\t\t<\/div>\r\n\t\t\t\t\t\t<div class=\"grid-item\">\r\n\t\t\t\t\t\t<div class=\"nuss-box\">\t\t<div class=\"nuss-image image\">\r\n\t\t\t<img decoding=\"async\"  src=\"https:\/\/shanghaiyunheyebohotel.com\/wp-content\/uploads\/2025\/09\/Shanghai-Yunhe-Yebo-Hotel-6.webp\" alt=\"Shanghai Yunhe Yebo Hotel (6)\" \/>\t\t<\/div>\r\n\t\t\t\t<\/div>\t\t\t\t\t<\/div>\r\n\t\t\t\t\t\t\t\r\n\t\t\t<\/div>\r\n\t\t<\/div>\r\n\t\t\t\t\t\t<\/div>\n\t\t\t\t<\/div>\n\t\t\t\t\t<\/div>\n\t\t\t\t<\/div>\n\t\t<div class=\"elementor-element elementor-element-d05381b e-flex e-con-boxed e-con e-parent\" data-id=\"d05381b\" data-element_type=\"container\" data-e-type=\"container\">\n\t\t\t\t\t<div class=\"e-con-inner\">\n\t\t\t\t<div class=\"elementor-element elementor-element-53bd849 elementor-widget elementor-widget-text-editor\" data-id=\"53bd849\" data-element_type=\"widget\" data-e-type=\"widget\" data-widget_type=\"text-editor.default\">\n\t\t\t\t\t\t\t\t\t<p>Hier speisen Sie unter mit Glyzinien behangenen Pavillons im Freien, neben laternenbeleuchteten Innenh\u00f6fen oder im gem\u00fctlichen Licht unserer privaten Gartennischen \u2013 niemals unter Neonlicht oder in der N\u00e4he eines summenden Fernsehers. Kein L\u00e4rm. Keine Ablenkungen. Nur das Klirren von Porzellan, das Rascheln des Windes im Bambus und das leise Lachen von G\u00e4sten, die vergessen haben, wie man pr\u00e4sent ist \u2026 bis jetzt.<\/p><p>Im Yunhe Table sind Veganer, Glutenfreie und Menschen mit Nahrungsmittelunvertr\u00e4glichkeiten herzlich willkommen \u2013 nicht als Nebensache, sondern als Kunstform. Unser K\u00fcchenchef kreiert auf Anfrage individuelle Men\u00fcs und ber\u00fccksichtigt dabei die Bed\u00fcrfnisse Ihres K\u00f6rpers mit der gleichen Pr\u00e4zision, die er bei seinen ber\u00fchmtesten Gerichten an den Tag legt.<\/p><p>Dies ist kein Restaurant f\u00fcr Instagram-taugliche Gerichte.<br \/>Es ist ein Zufluchtsort f\u00fcr die m\u00fcde Seele, die nach Geschmack mit Bedeutung sucht.<\/p><p>F\u00fcr Gesch\u00e4ftsreisende, die vor einem Meeting Klarheit brauchen.<br \/>F\u00fcr Paare, die ihren Jahrestag ohne Menschenmassen feiern.<br \/>F\u00fcr digitale Nomaden, die sich zwischen Zoom-Anrufen nach Tiefe sehnen.<br \/>F\u00fcr jeden, der jemals gefl\u00fcstert hat, <em>\u201eIch m\u00f6chte einfach etwas Echtes probieren.\u201c<\/em><\/p><p>Und wenn Sie gehen, werden Sie sich nicht an den Namen des Gerichts erinnern.<br \/>Sie werden sich daran erinnern, wie Sie sich gef\u00fchlt haben \u2013 ruhiger.<br \/>Voller.<br \/>Lebendiger.<\/p><p>Reservieren Sie Ihren Tisch bei Yunhe Table.<br \/>Denn in einer Stadt, die niemals schl\u00e4ft, ist der gr\u00f6\u00dfte Luxus manchmal \u2026<br \/>\u2026ist der ruhige Akt des langsamen Essens mit Dankbarkeit.<\/p><p><em>Yunhe Table | T\u00e4glich ge\u00f6ffnet von 7:00 bis 22:00 Uhr | Reservierung empfohlen<\/em><br \/><em>Befindet sich im Shanghai Yunhe Yebo Hotel, Geb\u00e4ude 54, Nr. 179 Lianmin Village, Chuansha New Town, Pudong New Area, Shanghai<\/em><\/p><p data-spm-anchor-id=\"a2ty_o01.29997173.0.i141.48c8c921HQqKRc\">#ShanghaiRestaurant #YunheTable #BestBoutiqueDiningShanghai #FarmToTableShanghai #MindfulEatingChina #QuietLuxuryDining #ShanghaiFoodExperience #OrganicRestaurantPudong #ChuanshaCuisine #SlowFoodShanghai #ShanghaiHiddenGem #ArtisanalDiningChina #HotelRestaurantWithSoul #ShanghaiVegetarianFood #SecludedDiningExperience<\/p>\t\t\t\t\t\t\t\t<\/div>\n\t\t\t\t\t<\/div>\n\t\t\t\t<\/div>\n\t\t\t\t<section class=\"elementor-section elementor-top-section elementor-element elementor-element-7c4a44cb elementor-section-stretched elementor-section-boxed elementor-section-gap-beside-yes elementor-section-height-default elementor-section-height-default elementor-section-column-vertical-align-stretch\" data-id=\"7c4a44cb\" data-element_type=\"section\" data-e-type=\"section\" data-settings=\"{&quot;background_background&quot;:&quot;classic&quot;,&quot;stretch_section&quot;:&quot;section-stretched&quot;}\">\n\t\t\t\t\t\t<div class=\"elementor-container elementor-column-gap-extended\">\n\t\t\t\t\t<div class=\"elementor-column elementor-col-100 elementor-top-column elementor-element elementor-element-6d77b6a0\" data-id=\"6d77b6a0\" data-element_type=\"column\" data-e-type=\"column\">\n\t\t\t<div class=\"elementor-widget-wrap elementor-element-populated\">\n\t\t\t\t\t\t<div class=\"elementor-element elementor-element-1bcdc4ee elementor-widget elementor-widget-nuss-heading\" data-id=\"1bcdc4ee\" data-element_type=\"widget\" data-e-type=\"widget\" data-widget_type=\"nuss-heading.default\">\n\t\t\t\t<div class=\"elementor-widget-container\">\n\t\t\t\t\t\t\t<div class=\"nuss-modern-heading\">\r\n\t\t\t\t\t\t<div class=\"heading-secondary-wrap\">\r\n\t\t\t\t<h3 class=\"heading-secondary elementor-heading-title\">Verf\u00fcgbarkeit pr\u00fcfen <\/h3>\t\t\t<\/div>\r\n\t\t\r\n\t\t\t\r\n\t\t\t\r\n\t\t\t\t\t<\/div>\r\n\t\t\t\t\t<\/div>\n\t\t\t\t<\/div>\n\t\t\t\t<div class=\"elementor-element elementor-element-71d0c360 elementor-widget elementor-widget-text-editor\" data-id=\"71d0c360\" data-element_type=\"widget\" data-e-type=\"widget\" data-widget_type=\"text-editor.default\">\n\t\t\t\t\t\t\t\t\t<iframe border=\"0\" src=\"https:\/\/www.trip.com\/partners\/ad\/S5453884?Allianceid=4590391&#038;SID=260846636&#038;trip_sub1=\" style=\"width:120px;height:200px\" frameborder=\"0\" scrolling=\"no\" id=\"S5453884\"><\/iframe>\t\t\t\t\t\t\t\t<\/div>\n\t\t\t\t\t<\/div>\n\t\t<\/div>\n\t\t\t\t\t<\/div>\n\t\t<\/section>\n\t\t\t\t<\/div>","protected":false},"excerpt":{"rendered":"<p>Where Shanghai\u2019s Soul Meets the Soil \u2014 A Culinary Sanctuary Beyond the City\u2019s Noise Nestled within the hushed embrace of Lianmin Village, just beyond the glittering skyline of Pudong, Yunhe Table is not merely a restaurant\u2014it is an edible poem, a slow ritual of taste and stillness, crafted for those who seek nourishment beyond the [&hellip;]<\/p>\n","protected":false},"author":1,"featured_media":0,"parent":0,"menu_order":0,"comment_status":"closed","ping_status":"closed","template":"","meta":{"footnotes":""},"class_list":["post-612","page","type-page","status-publish","hentry","post-no-thumbnail"],"_links":{"self":[{"href":"https:\/\/shanghaiyunheyebohotel.com\/de\/wp-json\/wp\/v2\/pages\/612","targetHints":{"allow":["GET"]}}],"collection":[{"href":"https:\/\/shanghaiyunheyebohotel.com\/de\/wp-json\/wp\/v2\/pages"}],"about":[{"href":"https:\/\/shanghaiyunheyebohotel.com\/de\/wp-json\/wp\/v2\/types\/page"}],"author":[{"embeddable":true,"href":"https:\/\/shanghaiyunheyebohotel.com\/de\/wp-json\/wp\/v2\/users\/1"}],"replies":[{"embeddable":true,"href":"https:\/\/shanghaiyunheyebohotel.com\/de\/wp-json\/wp\/v2\/comments?post=612"}],"version-history":[{"count":0,"href":"https:\/\/shanghaiyunheyebohotel.com\/de\/wp-json\/wp\/v2\/pages\/612\/revisions"}],"wp:attachment":[{"href":"https:\/\/shanghaiyunheyebohotel.com\/de\/wp-json\/wp\/v2\/media?parent=612"}],"curies":[{"name":"wp","href":"https:\/\/api.w.org\/{rel}","templated":true}]}}