{"id":5266,"date":"2021-07-18T08:03:35","date_gmt":"2021-07-18T08:03:35","guid":{"rendered":"https:\/\/nuss.uxper.co\/luxury-resort\/?page_id=5266"},"modified":"2025-09-19T03:57:56","modified_gmt":"2025-09-19T03:57:56","slug":"sobre-nosotros","status":"publish","type":"page","link":"https:\/\/shanghaiyunheyebohotel.com\/es\/sobre-nosotros\/","title":{"rendered":"Sobre nosotros"},"content":{"rendered":"<div data-elementor-type=\"wp-page\" data-elementor-id=\"5266\" class=\"elementor elementor-5266\">\n\t\t\t\t\t\t<section class=\"elementor-section elementor-top-section elementor-element elementor-element-10416953 elementor-section-boxed elementor-section-gap-beside-yes elementor-section-height-default elementor-section-height-default elementor-section-column-vertical-align-stretch\" data-id=\"10416953\" data-element_type=\"section\" data-e-type=\"section\">\n\t\t\t\t\t\t<div class=\"elementor-container elementor-column-gap-extended\">\n\t\t\t\t\t<div class=\"elementor-column elementor-col-100 elementor-top-column elementor-element elementor-element-29c6aa8\" data-id=\"29c6aa8\" data-element_type=\"column\" data-e-type=\"column\">\n\t\t\t<div class=\"elementor-widget-wrap elementor-element-populated\">\n\t\t\t\t\t\t<div class=\"elementor-element elementor-element-7be18fe7 elementor-widget__width-initial elementor-invisible elementor-widget elementor-widget-text-editor\" data-id=\"7be18fe7\" data-element_type=\"widget\" data-e-type=\"widget\" data-settings=\"{&quot;_animation&quot;:&quot;nussFadeInUp&quot;}\" data-widget_type=\"text-editor.default\">\n\t\t\t\t\t\t\t\t\t<p>Ubicado en las tranquilas calles arboladas de Lianmin Village en Chuansha New Town, el Shanghai Yunhe Yebo Hotel redefine el escape urbano para el viajero moderno que busca autenticidad, serenidad y un dise\u00f1o conmovedor.<\/p>\t\t\t\t\t\t\t\t<\/div>\n\t\t\t\t\t<\/div>\n\t\t<\/div>\n\t\t\t\t\t<\/div>\n\t\t<\/section>\n\t\t\t\t<section class=\"elementor-section elementor-top-section elementor-element elementor-element-7d18327f elementor-section-boxed elementor-section-gap-beside-yes elementor-section-height-default elementor-section-height-default elementor-section-column-vertical-align-stretch\" data-id=\"7d18327f\" data-element_type=\"section\" data-e-type=\"section\">\n\t\t\t\t\t\t<div class=\"elementor-container elementor-column-gap-extended\">\n\t\t\t\t\t<div class=\"elementor-column elementor-col-50 elementor-top-column elementor-element elementor-element-56533670\" data-id=\"56533670\" data-element_type=\"column\" data-e-type=\"column\">\n\t\t\t<div class=\"elementor-widget-wrap elementor-element-populated\">\n\t\t\t\t\t\t<div class=\"elementor-element elementor-element-19c3f543 elementor-invisible elementor-widget elementor-widget-text-editor\" data-id=\"19c3f543\" data-element_type=\"widget\" data-e-type=\"widget\" data-settings=\"{&quot;_animation&quot;:&quot;nussFadeInUp&quot;}\" data-widget_type=\"text-editor.default\">\n\t\t\t\t\t\t\t\t\t<p data-spm-anchor-id=\"a2ty_o01.29997173.0.i96.48c8c921HQqKRc\">A diferencia de los imponentes hoteles de cristal del centro de Pudong, este refugio oculto ofrece una mezcla armoniosa de minimalismo contempor\u00e1neo y tranquilidad ind\u00edgena, donde el bullicio de la ciudad se desvanece en el susurro del bamb\u00fa y el suave resplandor de los patios iluminados por faroles.<\/p><div class=\"my-2\">\u00a0<\/div><p data-spm-anchor-id=\"a2ty_o01.29997173.0.i99.48c8c921HQqKRc\">Ubicado en el Edificio 54, n.\u00b0 179 de Lianmin Village, el Hotel Shanghai Yunhe Yebo es m\u00e1s que un lugar para dormir: es un santuario dise\u00f1ado para viajeros conscientes que buscan la profundidad por encima del deslumbramiento. A solo 20 minutos del Aeropuerto Internacional de Shangh\u00e1i-Pudong y a un corto trayecto en coche del horizonte futurista de Lujiazui, el hotel logra el equilibrio perfecto entre accesibilidad y aislamiento. Ya sea que viaje por negocios, bienestar o una escapada rom\u00e1ntica, nuestras habitaciones cuidadosamente dise\u00f1adas invitan a la calma con acabados de madera natural, ventanales de piso a techo que enmarcan vistas a jardines privados y arte cuidadosamente seleccionado inspirado en el patrimonio local de Chuansha.<\/p>\t\t\t\t\t\t\t\t<\/div>\n\t\t\t\t\t<\/div>\n\t\t<\/div>\n\t\t\t\t<div class=\"elementor-column elementor-col-50 elementor-top-column elementor-element elementor-element-30f14127\" data-id=\"30f14127\" data-element_type=\"column\" data-e-type=\"column\">\n\t\t\t<div class=\"elementor-widget-wrap elementor-element-populated\">\n\t\t\t\t\t\t<div class=\"elementor-element elementor-element-59aea08 elementor-widget elementor-widget-image\" data-id=\"59aea08\" data-element_type=\"widget\" data-e-type=\"widget\" data-widget_type=\"image.default\">\n\t\t\t\t\t\t\t\t\t\t\t\t\t\t\t<img fetchpriority=\"high\" decoding=\"async\" width=\"1024\" height=\"768\" src=\"https:\/\/shanghaiyunheyebohotel.com\/wp-content\/uploads\/2025\/09\/Shanghai-Yunhe-Yebo-Hotel-7-1024x768.webp\" class=\"attachment-large size-large wp-image-6406\" alt=\"\" srcset=\"https:\/\/shanghaiyunheyebohotel.com\/wp-content\/uploads\/2025\/09\/Shanghai-Yunhe-Yebo-Hotel-7-1024x768.webp 1024w, https:\/\/shanghaiyunheyebohotel.com\/wp-content\/uploads\/2025\/09\/Shanghai-Yunhe-Yebo-Hotel-7-300x225.webp 300w, https:\/\/shanghaiyunheyebohotel.com\/wp-content\/uploads\/2025\/09\/Shanghai-Yunhe-Yebo-Hotel-7-768x576.webp 768w, https:\/\/shanghaiyunheyebohotel.com\/wp-content\/uploads\/2025\/09\/Shanghai-Yunhe-Yebo-Hotel-7-16x12.webp 16w, https:\/\/shanghaiyunheyebohotel.com\/wp-content\/uploads\/2025\/09\/Shanghai-Yunhe-Yebo-Hotel-7.webp 1137w\" sizes=\"(max-width: 1024px) 100vw, 1024px\" \/>\t\t\t\t\t\t\t\t\t\t\t\t\t\t\t<\/div>\n\t\t\t\t\t<\/div>\n\t\t<\/div>\n\t\t\t\t\t<\/div>\n\t\t<\/section>\n\t\t\t\t<section class=\"elementor-section elementor-top-section elementor-element elementor-element-29fb8578 elementor-section-height-min-height elementor-section-stretched elementor-section-full_width elementor-section-items-stretch elementor-section-height-default elementor-section-column-vertical-align-stretch\" data-id=\"29fb8578\" data-element_type=\"section\" data-e-type=\"section\" data-settings=\"{&quot;stretch_section&quot;:&quot;section-stretched&quot;}\">\n\t\t\t\t\t\t<div class=\"elementor-container elementor-column-gap-no\">\n\t\t\t\t\t<div class=\"elementor-column elementor-col-50 elementor-top-column elementor-element elementor-element-40ac270b\" data-id=\"40ac270b\" data-element_type=\"column\" data-e-type=\"column\">\n\t\t\t<div class=\"elementor-widget-wrap elementor-element-populated\">\n\t\t\t\t\t\t<div class=\"elementor-element elementor-element-20872773 elementor-widget__width-initial elementor-widget-mobile__width-inherit elementor-invisible nuss-elementor-loading nuss-slide-in-right elementor-widget elementor-widget-image\" data-id=\"20872773\" data-element_type=\"widget\" data-e-type=\"widget\" data-settings=\"{&quot;_animation&quot;:&quot;nussSlideInRight&quot;}\" data-widget_type=\"image.default\">\n\t\t\t\t\t\t\t\t\t\t\t\t\t\t\t<img decoding=\"async\" width=\"1280\" height=\"853\" src=\"https:\/\/shanghaiyunheyebohotel.com\/wp-content\/uploads\/2025\/09\/Shanghai-Yunhe-Yebo-Hotel-10.webp\" class=\"attachment-full size-full wp-image-6409\" alt=\"\" srcset=\"https:\/\/shanghaiyunheyebohotel.com\/wp-content\/uploads\/2025\/09\/Shanghai-Yunhe-Yebo-Hotel-10.webp 1280w, https:\/\/shanghaiyunheyebohotel.com\/wp-content\/uploads\/2025\/09\/Shanghai-Yunhe-Yebo-Hotel-10-300x200.webp 300w, https:\/\/shanghaiyunheyebohotel.com\/wp-content\/uploads\/2025\/09\/Shanghai-Yunhe-Yebo-Hotel-10-1024x682.webp 1024w, https:\/\/shanghaiyunheyebohotel.com\/wp-content\/uploads\/2025\/09\/Shanghai-Yunhe-Yebo-Hotel-10-768x512.webp 768w, https:\/\/shanghaiyunheyebohotel.com\/wp-content\/uploads\/2025\/09\/Shanghai-Yunhe-Yebo-Hotel-10-18x12.webp 18w\" sizes=\"(max-width: 1280px) 100vw, 1280px\" \/>\t\t\t\t\t\t\t\t\t\t\t\t\t\t\t<\/div>\n\t\t\t\t\t<\/div>\n\t\t<\/div>\n\t\t\t\t<div class=\"elementor-column elementor-col-50 elementor-top-column elementor-element elementor-element-2dac103\" data-id=\"2dac103\" data-element_type=\"column\" data-e-type=\"column\">\n\t\t\t<div class=\"elementor-widget-wrap elementor-element-populated\">\n\t\t\t\t\t\t<div class=\"elementor-element elementor-element-6f1b8966 elementor-invisible elementor-widget elementor-widget-text-editor\" data-id=\"6f1b8966\" data-element_type=\"widget\" data-e-type=\"widget\" data-settings=\"{&quot;_animation&quot;:&quot;nussFadeInUp&quot;}\" data-widget_type=\"text-editor.default\">\n\t\t\t\t\t\t\t\t\t<p data-spm-anchor-id=\"a2ty_o01.29997173.0.i100.48c8c921HQqKRc\">Disfrute de una cena al aire libre en nuestro restaurante, donde los ingredientes de temporada de granjas cercanas se combinan con los innovadores sabores shanghaineses: piense en la fragante panceta de cerdo estofada con glaseado de frijoles negros fermentados, fideos artesanales con hierbas silvestres y t\u00e9s artesanales elaborados con hojas de monta\u00f1a. Cada plato cuenta una historia de tierra, estaci\u00f3n y silencio.<\/p><p>Nuestros servicios son intencionadamente sutiles: sin recepci\u00f3n ruidosa, sin registros apresurados; solo detalles personalizados como notas escritas a mano, rutas ciclistas al atardecer mapeadas solo para usted y t\u00e9 de hierbas de cortes\u00eda servido al anochecer. Para los viajeros cansados del lujo gen\u00e9rico, Yunhe Yebo ofrece algo m\u00e1s excepcional: presencia.<\/p><p>Explora el coraz\u00f3n cultural del este de Shangh\u00e1i, desde templos antiguos y mercados org\u00e1nicos hasta los tranquilos humedales de Dongtan, todo a tu alcance. Ya sea que busques la estancia m\u00e1s tranquila en Pudong, un refugio boutique cerca del aeropuerto o una experiencia inmersiva lejos de las multitudes de turistas, el Hotel Shanghai Yunhe Yebo te invita a relajarte, respirar hondo y redescubrir lo que significa llegar de verdad.<\/p><p>Reserve su escapada hoy y descubra por qu\u00e9 los viajeros m\u00e1s exigentes llaman a Yunhe Yebo &quot;el secreto mejor guardado de Shanghai&quot;.<\/p><p data-spm-anchor-id=\"a2ty_o01.29997173.0.i101.48c8c921HQqKRc\"><em>Perfecto para: Viajeros de negocios que buscan paz \u2022 Parejas en escapadas rom\u00e1nticas \u2022 Turistas centrados en el bienestar \u2022 N\u00f3madas digitales \u2022 Exploradores con conciencia ecol\u00f3gica \u2022 Aquellos que buscan hoteles boutique cerca del Aeropuerto de Shangh\u00e1i Pudong<\/em><\/p>\t\t\t\t\t\t\t\t<\/div>\n\t\t\t\t\t<\/div>\n\t\t<\/div>\n\t\t\t\t\t<\/div>\n\t\t<\/section>\n\t\t\t\t<section class=\"elementor-section elementor-top-section elementor-element elementor-element-2092b7d0 elementor-section-stretched elementor-section-boxed elementor-section-gap-beside-yes elementor-section-height-default elementor-section-height-default elementor-section-column-vertical-align-stretch\" data-id=\"2092b7d0\" data-element_type=\"section\" data-e-type=\"section\" data-settings=\"{&quot;background_background&quot;:&quot;classic&quot;,&quot;stretch_section&quot;:&quot;section-stretched&quot;}\">\n\t\t\t\t\t\t<div class=\"elementor-container elementor-column-gap-extended\">\n\t\t\t\t\t<div class=\"elementor-column elementor-col-100 elementor-top-column elementor-element elementor-element-be69d75\" data-id=\"be69d75\" data-element_type=\"column\" data-e-type=\"column\">\n\t\t\t<div class=\"elementor-widget-wrap elementor-element-populated\">\n\t\t\t\t\t\t<div class=\"elementor-element elementor-element-320c022 elementor-widget elementor-widget-nuss-heading\" data-id=\"320c022\" data-element_type=\"widget\" data-e-type=\"widget\" data-widget_type=\"nuss-heading.default\">\n\t\t\t\t<div class=\"elementor-widget-container\">\n\t\t\t\t\t\t\t<div class=\"nuss-modern-heading\">\r\n\t\t\t\t\t\t<div class=\"heading-secondary-wrap\">\r\n\t\t\t\t<h3 class=\"heading-secondary elementor-heading-title\">Consultar disponibilidad <\/h3>\t\t\t<\/div>\r\n\t\t\r\n\t\t\t\r\n\t\t\t\r\n\t\t\t\t\t<\/div>\r\n\t\t\t\t\t<\/div>\n\t\t\t\t<\/div>\n\t\t\t\t<div class=\"elementor-element elementor-element-0a92c0a elementor-widget elementor-widget-text-editor\" data-id=\"0a92c0a\" data-element_type=\"widget\" data-e-type=\"widget\" data-widget_type=\"text-editor.default\">\n\t\t\t\t\t\t\t\t\t<iframe border=\"0\" src=\"https:\/\/www.trip.com\/partners\/ad\/S5453884?Allianceid=4590391&#038;SID=260846636&#038;trip_sub1=\" style=\"width:120px;height:200px\" frameborder=\"0\" scrolling=\"no\" id=\"S5453884\"><\/iframe>\t\t\t\t\t\t\t\t<\/div>\n\t\t\t\t\t<\/div>\n\t\t<\/div>\n\t\t\t\t\t<\/div>\n\t\t<\/section>\n\t\t\t\t<\/div>","protected":false},"excerpt":{"rendered":"<p>Nestled in the quiet, tree-lined lanes of Lianmin Village in Chuansha New Town, Shanghai Yunhe Yebo Hotel redefines urban escape for the modern traveler seeking authenticity, serenity, and soulful design. Unlike the towering glass hotels of central Pudong, this hidden retreat offers a harmonious blend of contemporary minimalism and indigenous tranquility\u2014where the hum of the [&hellip;]<\/p>\n","protected":false},"author":1,"featured_media":0,"parent":0,"menu_order":0,"comment_status":"closed","ping_status":"closed","template":"","meta":{"footnotes":""},"class_list":["post-5266","page","type-page","status-publish","hentry","post-no-thumbnail"],"_links":{"self":[{"href":"https:\/\/shanghaiyunheyebohotel.com\/es\/wp-json\/wp\/v2\/pages\/5266","targetHints":{"allow":["GET"]}}],"collection":[{"href":"https:\/\/shanghaiyunheyebohotel.com\/es\/wp-json\/wp\/v2\/pages"}],"about":[{"href":"https:\/\/shanghaiyunheyebohotel.com\/es\/wp-json\/wp\/v2\/types\/page"}],"author":[{"embeddable":true,"href":"https:\/\/shanghaiyunheyebohotel.com\/es\/wp-json\/wp\/v2\/users\/1"}],"replies":[{"embeddable":true,"href":"https:\/\/shanghaiyunheyebohotel.com\/es\/wp-json\/wp\/v2\/comments?post=5266"}],"version-history":[{"count":0,"href":"https:\/\/shanghaiyunheyebohotel.com\/es\/wp-json\/wp\/v2\/pages\/5266\/revisions"}],"wp:attachment":[{"href":"https:\/\/shanghaiyunheyebohotel.com\/es\/wp-json\/wp\/v2\/media?parent=5266"}],"curies":[{"name":"wp","href":"https:\/\/api.w.org\/{rel}","templated":true}]}}