{"id":612,"date":"2021-03-26T10:04:13","date_gmt":"2021-03-26T10:04:13","guid":{"rendered":"http:\/\/localhost\/nuss\/?page_id=612"},"modified":"2025-09-19T05:56:51","modified_gmt":"2025-09-19T05:56:51","slug":"restaurante","status":"publish","type":"page","link":"https:\/\/shanghaiyunheyebohotel.com\/es\/restaurante\/","title":{"rendered":"Restaurante"},"content":{"rendered":"<div data-elementor-type=\"wp-page\" data-elementor-id=\"612\" class=\"elementor elementor-612\">\n\t\t\t\t\t\t<section class=\"elementor-section elementor-top-section elementor-element elementor-element-e2effe8 elementor-section-boxed elementor-section-gap-beside-yes elementor-section-height-default elementor-section-height-default elementor-section-column-vertical-align-stretch\" data-id=\"e2effe8\" data-element_type=\"section\" data-e-type=\"section\">\n\t\t\t\t\t\t<div class=\"elementor-container elementor-column-gap-extended\">\n\t\t\t\t\t<div class=\"elementor-column elementor-col-100 elementor-top-column elementor-element elementor-element-e18f688\" data-id=\"e18f688\" data-element_type=\"column\" data-e-type=\"column\">\n\t\t\t<div class=\"elementor-widget-wrap elementor-element-populated\">\n\t\t\t\t\t\t<div class=\"elementor-element elementor-element-6db146d elementor-widget__width-initial elementor-invisible elementor-widget elementor-widget-text-editor\" data-id=\"6db146d\" data-element_type=\"widget\" data-e-type=\"widget\" data-settings=\"{&quot;_animation&quot;:&quot;nussFadeInUp&quot;}\" data-widget_type=\"text-editor.default\">\n\t\t\t\t\t\t\t\t\t<p><strong data-spm-anchor-id=\"a2ty_o01.29997173.0.i138.48c8c921HQqKRc\">Donde el alma de Shangh\u00e1i se fusiona con la tierra: un santuario culinario m\u00e1s all\u00e1 del ruido de la ciudad<\/strong><\/p>\t\t\t\t\t\t\t\t<\/div>\n\t\t\t\t\t<\/div>\n\t\t<\/div>\n\t\t\t\t\t<\/div>\n\t\t<\/section>\n\t\t<div class=\"elementor-element elementor-element-764955e e-flex e-con-boxed e-con e-parent\" data-id=\"764955e\" data-element_type=\"container\" data-e-type=\"container\">\n\t\t\t\t\t<div class=\"e-con-inner\">\n\t\t<div class=\"elementor-element elementor-element-3a71d84 e-con-full e-flex e-con e-child\" data-id=\"3a71d84\" data-element_type=\"container\" data-e-type=\"container\">\n\t\t\t\t<div class=\"elementor-element elementor-element-81a00fb elementor-widget elementor-widget-text-editor\" data-id=\"81a00fb\" data-element_type=\"widget\" data-e-type=\"widget\" data-widget_type=\"text-editor.default\">\n\t\t\t\t\t\t\t\t\t<p data-spm-anchor-id=\"a2ty_o01.29997173.0.i139.48c8c921HQqKRc\">Enclavado en el abrazo silencioso de la aldea de Lianmin, justo al otro lado del brillante horizonte de Pudong, Yunhe Table no es solo un restaurante: es un poema comestible, un ritual pausado de sabor y quietud, creado para quienes buscan nutrici\u00f3n m\u00e1s all\u00e1 del plato. En el Hotel Shanghai Yunhe Yebo, donde el silencio es sagrado y la presencia es primordial, nuestra experiencia gastron\u00f3mica redefine el significado de comer en la China moderna.<\/p><div class=\"my-2\">\u00a0<\/div><p>Olv\u00eddate de cocinas ruidosas, servicio apresurado o men\u00fas dise\u00f1ados para el p\u00fablico general. Yunhe Table naci\u00f3 de una revoluci\u00f3n silenciosa: la creencia de que el verdadero lujo no reside en cubiertos chapados en oro, sino en la pureza de un solo ingrediente, cosechado al amanecer por agricultores locales que conocen la tierra como familia. Aqu\u00ed, la cocina no se sirve, se... <em>ofrecido<\/em>, con reverencia, ritmo e intenci\u00f3n profunda.<\/p>\t\t\t\t\t\t\t\t<\/div>\n\t\t\t\t<\/div>\n\t\t<div class=\"elementor-element elementor-element-bb76a06 e-con-full e-flex e-con e-child\" data-id=\"bb76a06\" data-element_type=\"container\" data-e-type=\"container\">\n\t\t\t\t<div class=\"elementor-element elementor-element-636ac5f elementor-widget elementor-widget-image\" data-id=\"636ac5f\" data-element_type=\"widget\" data-e-type=\"widget\" data-widget_type=\"image.default\">\n\t\t\t\t\t\t\t\t\t\t\t\t\t\t\t<img fetchpriority=\"high\" decoding=\"async\" width=\"1024\" height=\"682\" src=\"https:\/\/shanghaiyunheyebohotel.com\/wp-content\/uploads\/2025\/09\/Shanghai-Yunhe-Yebo-Hotel-75-1024x682.webp\" class=\"attachment-large size-large wp-image-6474\" alt=\"\" srcset=\"https:\/\/shanghaiyunheyebohotel.com\/wp-content\/uploads\/2025\/09\/Shanghai-Yunhe-Yebo-Hotel-75-1024x682.webp 1024w, https:\/\/shanghaiyunheyebohotel.com\/wp-content\/uploads\/2025\/09\/Shanghai-Yunhe-Yebo-Hotel-75-300x200.webp 300w, https:\/\/shanghaiyunheyebohotel.com\/wp-content\/uploads\/2025\/09\/Shanghai-Yunhe-Yebo-Hotel-75-768x512.webp 768w, https:\/\/shanghaiyunheyebohotel.com\/wp-content\/uploads\/2025\/09\/Shanghai-Yunhe-Yebo-Hotel-75-18x12.webp 18w, https:\/\/shanghaiyunheyebohotel.com\/wp-content\/uploads\/2025\/09\/Shanghai-Yunhe-Yebo-Hotel-75.webp 1280w\" sizes=\"(max-width: 1024px) 100vw, 1024px\" \/>\t\t\t\t\t\t\t\t\t\t\t\t\t\t\t<\/div>\n\t\t\t\t<\/div>\n\t\t\t\t\t<\/div>\n\t\t\t\t<\/div>\n\t\t<div class=\"elementor-element elementor-element-55098fb e-flex e-con-boxed e-con e-parent\" data-id=\"55098fb\" data-element_type=\"container\" data-e-type=\"container\">\n\t\t\t\t\t<div class=\"e-con-inner\">\n\t\t\t\t<div class=\"elementor-element elementor-element-059e25a elementor-widget elementor-widget-text-editor\" data-id=\"059e25a\" data-element_type=\"widget\" data-e-type=\"widget\" data-widget_type=\"text-editor.default\">\n\t\t\t\t\t\t\t\t\t<p data-spm-anchor-id=\"a2ty_o01.29997173.0.i140.48c8c921HQqKRc\">Nuestro chef, anta\u00f1o un prodigio de las cocinas con estrellas Michelin, abandon\u00f3 el frenes\u00ed de la alta cocina del centro para volver a la tierra. Cada plato de nuestro men\u00fa de temporada cuenta la historia de un lugar: los campos neblinosos de Chuansha, los humedales de Dongtan, donde crecen hierbas silvestres ind\u00f3mitas, y los bosques de bamb\u00fa que susurran en el aire matutino. Los ingredientes provienen de un radio de 30 kil\u00f3metros: tofu org\u00e1nico de una granja familiar centenaria, frijoles negros fermentados y a\u00f1ejados en tinajas de barro, hojas de t\u00e9 recolectadas a mano de huertos a gran altitud cerca de Songjiang, y salm\u00f3n tra\u00eddo por avi\u00f3n a diario, transformado en delicadas &quot;rosas&quot; asadas al carb\u00f3n, con sus p\u00e9talos relucientes gracias a un glaseado con c\u00farcuma.<\/p><div class=\"my-2\">\u00a0<\/div><p>El desayuno no es una ocurrencia tard\u00eda, sino un comienzo sagrado. Cada ma\u00f1ana, entre las 7 y las 10 de la ma\u00f1ana, los hu\u00e9spedes son recibidos con un exquisito banquete artesanal: gachas de mijo molido en piedra con infusi\u00f3n de flor de osmanto, r\u00e1bano encurtido fermentado en casa con un toque de yuzu, lattes de matcha calientes elaborados con polvo ceremonial y frutas tan maduras que recuerdan el verano. Servido en porcelana artesanal de Jingdezhen, cada bocado lleva el peso de la tradici\u00f3n y la ligereza de la atenci\u00f3n plena.<\/p><div class=\"my-2\">\u00a0<\/div><p>El almuerzo y la cena se despliegan como viajes multisensoriales. Los fideos herbales \u2014elaborados en casa con trigo sarraceno y crisantemo silvestre\u2014 se mezclan suavemente en un caldo cocido a fuego lento durante 18 horas con shiitake seco, bayas de goji y una mezcla secreta de hierbas de monta\u00f1a. El &quot;Taz\u00f3n de la Tierra&quot; vegetariano lleva tub\u00e9rculos asados glaseados en vinagre de ciruela, con capas de semillas de s\u00e9samo tostadas y flores comestibles recolectadas esa misma ma\u00f1ana. Incluso nuestros c\u00f3cteles son meditaciones bot\u00e1nicas: el Martini de Lichi y Chile, enfriado con hielo de agua filtrada de un pozo de la aldea, ofrece una sorprendente combinaci\u00f3n de dulzura, calor y calma, un eco de las contradicciones de Shangh\u00e1i.<\/p><div class=\"my-2\">\u00a0<\/div><p>No tenemos carta de vinos, tenemos una <em>conversaci\u00f3n sobre el terroir<\/em>Nuestro sumiller marida cada plato con vinos org\u00e1nicos de producci\u00f3n limitada de Yunnan, Ningxia e incluso un excepcional Chenin Blanc cultivado en las colinas de Pudong. Los rituales del t\u00e9 se realizan al atardecer: una selecci\u00f3n de nueve infusiones de origen \u00fanico, desde el antiguo pu&#039;er hasta la aguja de plata blanca ba\u00f1ada por el roc\u00edo, servidas en tazas de cer\u00e1mica calentadas por las manos de nuestro maestro del t\u00e9.<\/p>\t\t\t\t\t\t\t\t<\/div>\n\t\t\t\t\t<\/div>\n\t\t\t\t<\/div>\n\t\t<div class=\"elementor-element elementor-element-69b9e8a e-flex e-con-boxed e-con e-parent\" data-id=\"69b9e8a\" data-element_type=\"container\" data-e-type=\"container\">\n\t\t\t\t\t<div class=\"e-con-inner\">\n\t\t\t\t<div class=\"elementor-element elementor-element-4bfe964 elementor-widget elementor-widget-nuss-image-gallery\" data-id=\"4bfe964\" data-element_type=\"widget\" data-e-type=\"widget\" data-widget_type=\"nuss-image-gallery.default\">\n\t\t\t\t<div class=\"elementor-widget-container\">\n\t\t\t\t\t\t\t<div class=\"nuss-grid-wrapper\" data-grid=\"{&quot;type&quot;:&quot;grid&quot;,&quot;ratio&quot;:null,&quot;columns&quot;:3,&quot;gutter&quot;:30}\">\r\n\t\t\t<div class=\"nuss-grid lazy-grid\">\r\n\t\t\t\t<div class=\"grid-sizer\"><\/div>\r\n\r\n\t\t\t\t\t\t\t\t\t\t\t\t<div class=\"grid-item\">\r\n\t\t\t\t\t\t<div class=\"nuss-box\">\t\t<div class=\"nuss-image image\">\r\n\t\t\t<img decoding=\"async\"  src=\"https:\/\/shanghaiyunheyebohotel.com\/wp-content\/uploads\/2025\/09\/Shanghai-Yunhe-Yebo-Hotel-63.webp\" alt=\"Shangai Yunhe Yebo Hotel (63)\" \/>\t\t<\/div>\r\n\t\t\t\t<\/div>\t\t\t\t\t<\/div>\r\n\t\t\t\t\t\t<div class=\"grid-item\">\r\n\t\t\t\t\t\t<div class=\"nuss-box\">\t\t<div class=\"nuss-image image\">\r\n\t\t\t<img decoding=\"async\"  src=\"https:\/\/shanghaiyunheyebohotel.com\/wp-content\/uploads\/2025\/09\/Shanghai-Yunhe-Yebo-Hotel-62.webp\" alt=\"Shangai Yunhe Yebo Hotel (62)\" \/>\t\t<\/div>\r\n\t\t\t\t<\/div>\t\t\t\t\t<\/div>\r\n\t\t\t\t\t\t<div class=\"grid-item\">\r\n\t\t\t\t\t\t<div class=\"nuss-box\">\t\t<div class=\"nuss-image image\">\r\n\t\t\t<img decoding=\"async\"  src=\"https:\/\/shanghaiyunheyebohotel.com\/wp-content\/uploads\/2025\/09\/Shanghai-Yunhe-Yebo-Hotel-60.webp\" alt=\"Shangai Yunhe Yebo Hotel (60)\" \/>\t\t<\/div>\r\n\t\t\t\t<\/div>\t\t\t\t\t<\/div>\r\n\t\t\t\t\t\t<div class=\"grid-item\">\r\n\t\t\t\t\t\t<div class=\"nuss-box\">\t\t<div class=\"nuss-image image\">\r\n\t\t\t<img decoding=\"async\"  src=\"https:\/\/shanghaiyunheyebohotel.com\/wp-content\/uploads\/2025\/09\/Shanghai-Yunhe-Yebo-Hotel-61.webp\" alt=\"Shangai Yunhe Yebo Hotel (61)\" \/>\t\t<\/div>\r\n\t\t\t\t<\/div>\t\t\t\t\t<\/div>\r\n\t\t\t\t\t\t<div class=\"grid-item\">\r\n\t\t\t\t\t\t<div class=\"nuss-box\">\t\t<div class=\"nuss-image image\">\r\n\t\t\t<img decoding=\"async\"  src=\"https:\/\/shanghaiyunheyebohotel.com\/wp-content\/uploads\/2025\/09\/Shanghai-Yunhe-Yebo-Hotel-59.webp\" alt=\"Shangai Yunhe Yebo Hotel (59)\" \/>\t\t<\/div>\r\n\t\t\t\t<\/div>\t\t\t\t\t<\/div>\r\n\t\t\t\t\t\t<div class=\"grid-item\">\r\n\t\t\t\t\t\t<div class=\"nuss-box\">\t\t<div class=\"nuss-image image\">\r\n\t\t\t<img decoding=\"async\"  src=\"https:\/\/shanghaiyunheyebohotel.com\/wp-content\/uploads\/2025\/09\/Shanghai-Yunhe-Yebo-Hotel-58.webp\" alt=\"Shangai Yunhe Yebo Hotel (58)\" \/>\t\t<\/div>\r\n\t\t\t\t<\/div>\t\t\t\t\t<\/div>\r\n\t\t\t\t\t\t<div class=\"grid-item\">\r\n\t\t\t\t\t\t<div class=\"nuss-box\">\t\t<div class=\"nuss-image image\">\r\n\t\t\t<img decoding=\"async\"  src=\"https:\/\/shanghaiyunheyebohotel.com\/wp-content\/uploads\/2025\/09\/Shanghai-Yunhe-Yebo-Hotel-64.webp\" alt=\"Shangai Yunhe Yebo Hotel (64)\" \/>\t\t<\/div>\r\n\t\t\t\t<\/div>\t\t\t\t\t<\/div>\r\n\t\t\t\t\t\t<div class=\"grid-item\">\r\n\t\t\t\t\t\t<div class=\"nuss-box\">\t\t<div class=\"nuss-image image\">\r\n\t\t\t<img decoding=\"async\"  src=\"https:\/\/shanghaiyunheyebohotel.com\/wp-content\/uploads\/2025\/09\/Shanghai-Yunhe-Yebo-Hotel-66.webp\" alt=\"Shangai Yunhe Yebo Hotel (66)\" \/>\t\t<\/div>\r\n\t\t\t\t<\/div>\t\t\t\t\t<\/div>\r\n\t\t\t\t\t\t<div class=\"grid-item\">\r\n\t\t\t\t\t\t<div class=\"nuss-box\">\t\t<div class=\"nuss-image image\">\r\n\t\t\t<img decoding=\"async\"  src=\"https:\/\/shanghaiyunheyebohotel.com\/wp-content\/uploads\/2025\/09\/Shanghai-Yunhe-Yebo-Hotel-68.webp\" alt=\"Shangai Yunhe Yebo Hotel (68)\" \/>\t\t<\/div>\r\n\t\t\t\t<\/div>\t\t\t\t\t<\/div>\r\n\t\t\t\t\t\t<div class=\"grid-item\">\r\n\t\t\t\t\t\t<div class=\"nuss-box\">\t\t<div class=\"nuss-image image\">\r\n\t\t\t<img decoding=\"async\"  src=\"https:\/\/shanghaiyunheyebohotel.com\/wp-content\/uploads\/2025\/09\/Shanghai-Yunhe-Yebo-Hotel-69.webp\" alt=\"Shangai Yunhe Yebo Hotel (69)\" \/>\t\t<\/div>\r\n\t\t\t\t<\/div>\t\t\t\t\t<\/div>\r\n\t\t\t\t\t\t<div class=\"grid-item\">\r\n\t\t\t\t\t\t<div class=\"nuss-box\">\t\t<div class=\"nuss-image image\">\r\n\t\t\t<img decoding=\"async\"  src=\"https:\/\/shanghaiyunheyebohotel.com\/wp-content\/uploads\/2025\/09\/Shanghai-Yunhe-Yebo-Hotel-71.webp\" alt=\"Shangai Yunhe Yebo Hotel (71)\" \/>\t\t<\/div>\r\n\t\t\t\t<\/div>\t\t\t\t\t<\/div>\r\n\t\t\t\t\t\t<div class=\"grid-item\">\r\n\t\t\t\t\t\t<div class=\"nuss-box\">\t\t<div class=\"nuss-image image\">\r\n\t\t\t<img decoding=\"async\"  src=\"https:\/\/shanghaiyunheyebohotel.com\/wp-content\/uploads\/2025\/09\/Shanghai-Yunhe-Yebo-Hotel-6.webp\" alt=\"Shangai Yunhe Yebo Hotel (6)\" \/>\t\t<\/div>\r\n\t\t\t\t<\/div>\t\t\t\t\t<\/div>\r\n\t\t\t\t\t\t\t\r\n\t\t\t<\/div>\r\n\t\t<\/div>\r\n\t\t\t\t\t\t<\/div>\n\t\t\t\t<\/div>\n\t\t\t\t\t<\/div>\n\t\t\t\t<\/div>\n\t\t<div class=\"elementor-element elementor-element-d05381b e-flex e-con-boxed e-con e-parent\" data-id=\"d05381b\" data-element_type=\"container\" data-e-type=\"container\">\n\t\t\t\t\t<div class=\"e-con-inner\">\n\t\t\t\t<div class=\"elementor-element elementor-element-53bd849 elementor-widget elementor-widget-text-editor\" data-id=\"53bd849\" data-element_type=\"widget\" data-e-type=\"widget\" data-widget_type=\"text-editor.default\">\n\t\t\t\t\t\t\t\t\t<p>Aqu\u00ed se cena bajo pabellones al aire libre cubiertos de glicinas, junto a patios iluminados con faroles o en la \u00edntima luz de nuestros rincones privados en el jard\u00edn, nunca bajo luces fluorescentes ni cerca del zumbido de un televisor. Sin ruidos. Sin distracciones. Solo el tintineo de la porcelana, el susurro del viento entre el bamb\u00fa y las risas silenciosas de los comensales que han olvidado c\u00f3mo estar presentes... hasta ahora.<\/p><p>Yunhe Table da la bienvenida a veganos, cel\u00edacos y personas con intolerancias alimentarias, no como una idea de \u00faltimo momento, sino como un arte. Nuestro chef elabora men\u00fas a medida bajo pedido, atendiendo a las necesidades de su cuerpo con la misma precisi\u00f3n que aplica a sus platos m\u00e1s famosos.<\/p><p>Este no es un restaurante para platos dignos de Instagram.<br \/>Es un santuario para el alma cansada que busca sabor con significado.<\/p><p>Para viajeros de negocios que necesitan claridad antes de una reuni\u00f3n.<br \/>Para parejas que celebran un aniversario sin multitudes.<br \/>Para n\u00f3madas digitales que anhelan profundidad entre llamadas de Zoom.<br \/>Para cualquiera que alguna vez haya susurrado, <em>\u201cS\u00f3lo quiero probar algo real\u201d.<\/em><\/p><p>\u00bfY cuando te vayas? No recordar\u00e1s el nombre del plato.<br \/>Recordar\u00e1s c\u00f3mo te sentiste: m\u00e1s tranquilo.<br \/>Bat\u00e1n.<br \/>M\u00e1s vivo.<\/p><p>Reserva tu mesa en Yunhe Table.<br \/>Porque en una ciudad que nunca duerme, a veces el lujo m\u00e1s profundo\u2026<br \/>\u2026es el acto silencioso de comer lentamente, con gratitud.<\/p><p><em>Yunhe Table | Abierto todos los d\u00edas de 7:00 a 22:00 | Se recomienda reservar<\/em><br \/><em>Ubicado en el Hotel Shanghai Yunhe Yebo, Edificio 54, No. 179 Lianmin Village, Chuansha New Town, Pudong New Area, Shangh\u00e1i.<\/em><\/p><p data-spm-anchor-id=\"a2ty_o01.29997173.0.i141.48c8c921HQqKRc\">Restaurante en Shangh\u00e1i, Mesa descubierta, El mejor restaurante boutique de Shangh\u00e1i, Del hogar a la mesa de Shangh\u00e1i, Comida consciente en China, Restaurante tranquilo y lujoso, Experiencia gastron\u00f3mica en Shangh\u00e1i, Restaurante org\u00e1nico en Pudong, Cocina de Huansha, Comida lenta en Shangh\u00e1i, Joya oculta en Shangh\u00e1i, Restaurante artesanal en China, Restaurante de hotel con alma, Comida vegetariana en Shangh\u00e1i, Experiencia gastron\u00f3mica aislada<\/p>\t\t\t\t\t\t\t\t<\/div>\n\t\t\t\t\t<\/div>\n\t\t\t\t<\/div>\n\t\t\t\t<section class=\"elementor-section elementor-top-section elementor-element elementor-element-7c4a44cb elementor-section-stretched elementor-section-boxed elementor-section-gap-beside-yes elementor-section-height-default elementor-section-height-default elementor-section-column-vertical-align-stretch\" data-id=\"7c4a44cb\" data-element_type=\"section\" data-e-type=\"section\" data-settings=\"{&quot;background_background&quot;:&quot;classic&quot;,&quot;stretch_section&quot;:&quot;section-stretched&quot;}\">\n\t\t\t\t\t\t<div class=\"elementor-container elementor-column-gap-extended\">\n\t\t\t\t\t<div class=\"elementor-column elementor-col-100 elementor-top-column elementor-element elementor-element-6d77b6a0\" data-id=\"6d77b6a0\" data-element_type=\"column\" data-e-type=\"column\">\n\t\t\t<div class=\"elementor-widget-wrap elementor-element-populated\">\n\t\t\t\t\t\t<div class=\"elementor-element elementor-element-1bcdc4ee elementor-widget elementor-widget-nuss-heading\" data-id=\"1bcdc4ee\" data-element_type=\"widget\" data-e-type=\"widget\" data-widget_type=\"nuss-heading.default\">\n\t\t\t\t<div class=\"elementor-widget-container\">\n\t\t\t\t\t\t\t<div class=\"nuss-modern-heading\">\r\n\t\t\t\t\t\t<div class=\"heading-secondary-wrap\">\r\n\t\t\t\t<h3 class=\"heading-secondary elementor-heading-title\">Consultar disponibilidad <\/h3>\t\t\t<\/div>\r\n\t\t\r\n\t\t\t\r\n\t\t\t\r\n\t\t\t\t\t<\/div>\r\n\t\t\t\t\t<\/div>\n\t\t\t\t<\/div>\n\t\t\t\t<div class=\"elementor-element elementor-element-71d0c360 elementor-widget elementor-widget-text-editor\" data-id=\"71d0c360\" data-element_type=\"widget\" data-e-type=\"widget\" data-widget_type=\"text-editor.default\">\n\t\t\t\t\t\t\t\t\t<iframe border=\"0\" src=\"https:\/\/www.trip.com\/partners\/ad\/S5453884?Allianceid=4590391&#038;SID=260846636&#038;trip_sub1=\" style=\"width:120px;height:200px\" frameborder=\"0\" scrolling=\"no\" id=\"S5453884\"><\/iframe>\t\t\t\t\t\t\t\t<\/div>\n\t\t\t\t\t<\/div>\n\t\t<\/div>\n\t\t\t\t\t<\/div>\n\t\t<\/section>\n\t\t\t\t<\/div>","protected":false},"excerpt":{"rendered":"<p>Where Shanghai\u2019s Soul Meets the Soil \u2014 A Culinary Sanctuary Beyond the City\u2019s Noise Nestled within the hushed embrace of Lianmin Village, just beyond the glittering skyline of Pudong, Yunhe Table is not merely a restaurant\u2014it is an edible poem, a slow ritual of taste and stillness, crafted for those who seek nourishment beyond the [&hellip;]<\/p>\n","protected":false},"author":1,"featured_media":0,"parent":0,"menu_order":0,"comment_status":"closed","ping_status":"closed","template":"","meta":{"footnotes":""},"class_list":["post-612","page","type-page","status-publish","hentry","post-no-thumbnail"],"_links":{"self":[{"href":"https:\/\/shanghaiyunheyebohotel.com\/es\/wp-json\/wp\/v2\/pages\/612","targetHints":{"allow":["GET"]}}],"collection":[{"href":"https:\/\/shanghaiyunheyebohotel.com\/es\/wp-json\/wp\/v2\/pages"}],"about":[{"href":"https:\/\/shanghaiyunheyebohotel.com\/es\/wp-json\/wp\/v2\/types\/page"}],"author":[{"embeddable":true,"href":"https:\/\/shanghaiyunheyebohotel.com\/es\/wp-json\/wp\/v2\/users\/1"}],"replies":[{"embeddable":true,"href":"https:\/\/shanghaiyunheyebohotel.com\/es\/wp-json\/wp\/v2\/comments?post=612"}],"version-history":[{"count":0,"href":"https:\/\/shanghaiyunheyebohotel.com\/es\/wp-json\/wp\/v2\/pages\/612\/revisions"}],"wp:attachment":[{"href":"https:\/\/shanghaiyunheyebohotel.com\/es\/wp-json\/wp\/v2\/media?parent=612"}],"curies":[{"name":"wp","href":"https:\/\/api.w.org\/{rel}","templated":true}]}}