{"id":2104,"date":"2021-03-23T09:33:48","date_gmt":"2021-03-23T09:33:48","guid":{"rendered":"http:\/\/localhost\/nuss\/?page_id=167"},"modified":"2025-09-19T05:38:28","modified_gmt":"2025-09-19T05:38:28","slug":"notre-histoire","status":"publish","type":"page","link":"https:\/\/shanghaiyunheyebohotel.com\/fr\/notre-histoire\/","title":{"rendered":"Notre histoire"},"content":{"rendered":"<div data-elementor-type=\"wp-page\" data-elementor-id=\"2104\" class=\"elementor elementor-2104\">\n\t\t\t\t\t\t<section class=\"elementor-section elementor-top-section elementor-element elementor-element-8f5bb9d elementor-section-boxed elementor-section-gap-beside-yes elementor-section-height-default elementor-section-height-default elementor-section-column-vertical-align-stretch\" data-id=\"8f5bb9d\" data-element_type=\"section\" data-e-type=\"section\">\n\t\t\t\t\t\t<div class=\"elementor-container elementor-column-gap-extended\">\n\t\t\t\t\t<div class=\"elementor-column elementor-col-100 elementor-top-column elementor-element elementor-element-7ec4215\" data-id=\"7ec4215\" data-element_type=\"column\" data-e-type=\"column\">\n\t\t\t<div class=\"elementor-widget-wrap elementor-element-populated\">\n\t\t\t\t\t\t<div class=\"elementor-element elementor-element-edd9d03 elementor-widget__width-initial elementor-invisible elementor-widget elementor-widget-text-editor\" data-id=\"edd9d03\" data-element_type=\"widget\" data-e-type=\"widget\" data-settings=\"{&quot;_animation&quot;:&quot;nussFadeInUp&quot;}\" data-widget_type=\"text-editor.default\">\n\t\t\t\t\t\t\t\t\t<p><strong data-spm-anchor-id=\"a2ty_o01.29997173.0.i132.48c8c921HQqKRc\">L\u00e0 o\u00f9 le silence fut le premier plan<\/strong><\/p>\t\t\t\t\t\t\t\t<\/div>\n\t\t\t\t\t<\/div>\n\t\t<\/div>\n\t\t\t\t\t<\/div>\n\t\t<\/section>\n\t\t<div class=\"elementor-element elementor-element-ae7e42f e-flex e-con-boxed e-con e-parent\" data-id=\"ae7e42f\" data-element_type=\"container\" data-e-type=\"container\">\n\t\t\t\t\t<div class=\"e-con-inner\">\n\t\t\t\t<div class=\"elementor-element elementor-element-136c3a3 elementor-widget elementor-widget-text-editor\" data-id=\"136c3a3\" data-element_type=\"widget\" data-e-type=\"widget\" data-widget_type=\"text-editor.default\">\n\t\t\t\t\t\t\t\t\t<p>L\u2019h\u00f4tel Shanghai Yunhe Yebo n\u2019est pas n\u00e9 d\u2019un plan d\u2019affaires, mais d\u2019un d\u00e9sir.<\/p><p>En 2020, alors que Shanghai reprenait vie apr\u00e8s des mois de calme, ses rues vibraient plus fort que jamais. Les gratte-ciels scintillaient, les n\u00e9ons vacillaient, et le rythme du commerce couvrait le silence. Mais dans le coin le plus calme de la ville \u2013 l\u00e0 o\u00f9 le fleuve Huangpu serpente doucement dans les marais de Chuansha, o\u00f9 le bambou pousse \u00e0 l&#039;\u00e9tat sauvage le long de ruelles oubli\u00e9es et o\u00f9 la brume matinale persiste sur les toits des villages \u2013 notre fondateur, un architecte fatigu\u00e9 devenu vagabond, s&#039;est assis sous un banian centenaire avec une seule question\u00a0: <em>Et si un h\u00f4tel n&#039;essayait pas d&#039;impressionner\u2026 mais plut\u00f4t de gu\u00e9rir ?<\/em><\/p><p>Cette question est devenue la graine.<\/p><p>Pas de grands investisseurs. Pas d&#039;obligations d&#039;entreprise. Juste la conviction que dans une ville obs\u00e9d\u00e9e par la vitesse, l&#039;acte d&#039;hospitalit\u00e9 le plus radical est d&#039;offrir le calme.<\/p><p>Nous avons donc choisi cet endroit, le b\u00e2timent 54, n\u00b0 179 du village de Lianmin, non pas parce qu&#039;il \u00e9tait bon march\u00e9, pratique ou visible sur les cartes, mais parce qu&#039;il \u00e9tait <em>invisible<\/em>Un coin oubli\u00e9 du vieux Shanghai, o\u00f9 les voisins se saluent encore par leur pr\u00e9nom, o\u00f9 les poules caquettent \u00e0 l&#039;aube et o\u00f9 le vent apporte le parfum du jasmin des jardins. Ici, c&#039;est le soleil qui rythme, et non le r\u00e9veil.<\/p><p>Nous n&#039;avons pas r\u00e9nov\u00e9 la vieille maison du village. Nous l&#039;avons \u00e9cout\u00e9e.<\/p><p>Les poutres en bois d&#039;origine ont \u00e9t\u00e9 conserv\u00e9es, leurs n\u0153uds racontant l&#039;histoire de la pluie et du temps. La cour s&#039;est ouverte sur le ciel. Les fen\u00eatres ont \u00e9t\u00e9 \u00e9largies, non pas pour admirer la ville, mais les nuages, les oiseaux, la lente danse des ombres sur les pierres moussues. Nous avons fait appel \u00e0 des artisans locaux\u00a0: c\u00e9ramiques tourn\u00e9es \u00e0 la main de Jingdezhen, lin tiss\u00e9 dans le Zhejiang, feuilles de th\u00e9 cueillies par les anciens dans les collines au-del\u00e0 de Pudong. Chaque d\u00e9tail a \u00e9t\u00e9 choisi non pas pour suivre la mode, mais pour \u00eatre authentique.<\/p><p>Nous avons refus\u00e9 d&#039;installer des t\u00e9l\u00e9viseurs dans les chambres. Pourquoi\u00a0? Parce que nous avons remarqu\u00e9 que nos clients passaient d\u00e9j\u00e0 leurs journ\u00e9es devant des \u00e9crans \u2013 dans les trains, en r\u00e9union, au lit. \u00c0 la place, nous avons plac\u00e9 des journaux \u00e0 c\u00f4t\u00e9 du lit. Un simple stylo. Un mot\u00a0: <em>\u00ab \u00c9crivez ce que vous fuyez. \u00bb<\/em><\/p><p>Nous avons form\u00e9 notre personnel non pas aux salutations pr\u00e9\u00e9tablies, mais \u00e0 la pr\u00e9sence. \u00c0 remarquer lorsqu&#039;un client s&#039;attarde trop longtemps dans le jardin. \u00c0 laisser une tasse de tisane chaude \u00e0 la camomille devant sa porte sans frapper. \u00c0 se rappeler que le nom d&#039;un client n&#039;est pas seulement un code de r\u00e9servation, mais celui d&#039;une personne qui a port\u00e9 son \u00e9puisement ici.<\/p><p>Le restaurant, <em>Table Yunhe<\/em>, n&#039;a jamais \u00e9t\u00e9 con\u00e7u pour \u00eatre une destination gastronomique. C&#039;\u00e9tait un rituel. Notre chef, ancien technicien \u00e9toil\u00e9 au Michelin, a quitt\u00e9 les cuisines surchauff\u00e9es de la ville pour cuisiner au rythme des saisons, et non au gr\u00e9 des envies. Il cueille des l\u00e9gumes sauvages aupr\u00e8s des agriculteurs locaux. Il fait fermenter sa propre sauce soja. Il sert des plats aux saveurs de souvenirs\u00a0: poitrine de porc brais\u00e9e aux effluves d&#039;hivers d&#039;enfance, soupe de racine de lotus qui apaise l&#039;esprit, martinis au litchi et au piment qui vous font sourire sans savoir pourquoi.<\/p><p>Et les invit\u00e9s ? Ils ont commenc\u00e9 \u00e0 arriver, non pas pour des halls dignes d&#039;Instagram, mais pour quelque chose qu&#039;ils ne pouvaient nommer. Un voyageur d&#039;affaires qui a pleur\u00e9 apr\u00e8s sa premi\u00e8re bouff\u00e9e d&#039;air matinal. Une m\u00e8re et sa fille qui sont rest\u00e9es trois semaines parce qu&#039;elles avaient \u00ab l&#039;impression de rentrer \u00e0 la maison, m\u00eame si elles n&#039;\u00e9taient jamais venues ici \u00bb. Un po\u00e8te qui a \u00e9crit un recueil entier sous le banian et l&#039;a d\u00e9pos\u00e9 sur notre r\u00e9ception avec un seul vers : <em>\u00ab Cet endroit m\u2019a rendu mon silence. \u00bb<\/em><\/p><p>Aujourd\u2019hui, nous ne sommes pas le plus grand h\u00f4tel de Pudong.<br \/>Nous ne sommes pas les plus bruyants.<br \/>Nous n&#039;avons pas de piscine sur le toit ni de bar \u00e0 champagne.<\/p><p>Mais nous avons quelque chose de plus rare :<br \/><strong>Un espace o\u00f9 les gens se souviennent de rester immobiles.<\/strong><\/p><p>Nous ne nous consid\u00e9rons pas comme un h\u00f4tel de luxe.<br \/>Nous nous appelons un sanctuaire.<\/p><p>Et notre histoire ? Elle continue de s&#039;\u00e9crire, gr\u00e2ce \u00e0 chaque invit\u00e9 qui franchit nos portes, laisse son bruit \u00e0 la porte et ram\u00e8ne chez lui non pas un souvenir\u2026 mais un sentiment de paix.<\/p><p>Parce que parfois, la chose la plus r\u00e9volutionnaire que vous puissiez offrir dans un monde hyperconnect\u00e9\u2026<br \/>\u2026c\u2019est simplement se taire.<\/p><p data-spm-anchor-id=\"a2ty_o01.29997173.0.i135.48c8c921HQqKRc\">\u2014 <em>H\u00f4tel Shanghai Yunhe Yebo, depuis 2021<\/em><br \/><em>L\u00e0 o\u00f9 la ville s&#039;efface. Et o\u00f9 l&#039;on se souvient de qui l&#039;on est.<\/em><\/p>\t\t\t\t\t\t\t\t<\/div>\n\t\t\t\t\t<\/div>\n\t\t\t\t<\/div>\n\t\t\t\t<section class=\"elementor-section elementor-top-section elementor-element elementor-element-1baee196 elementor-section-stretched elementor-section-boxed elementor-section-gap-beside-yes elementor-section-height-default elementor-section-height-default elementor-section-column-vertical-align-stretch\" data-id=\"1baee196\" data-element_type=\"section\" data-e-type=\"section\" data-settings=\"{&quot;background_background&quot;:&quot;classic&quot;,&quot;stretch_section&quot;:&quot;section-stretched&quot;}\">\n\t\t\t\t\t\t<div class=\"elementor-container elementor-column-gap-extended\">\n\t\t\t\t\t<div class=\"elementor-column elementor-col-100 elementor-top-column elementor-element elementor-element-31be377b\" data-id=\"31be377b\" data-element_type=\"column\" data-e-type=\"column\">\n\t\t\t<div class=\"elementor-widget-wrap elementor-element-populated\">\n\t\t\t\t\t\t<div class=\"elementor-element elementor-element-5a1589b8 elementor-widget elementor-widget-nuss-heading\" data-id=\"5a1589b8\" data-element_type=\"widget\" data-e-type=\"widget\" data-widget_type=\"nuss-heading.default\">\n\t\t\t\t<div class=\"elementor-widget-container\">\n\t\t\t\t\t\t\t<div class=\"nuss-modern-heading\">\r\n\t\t\t\t\t\t<div class=\"heading-secondary-wrap\">\r\n\t\t\t\t<h3 class=\"heading-secondary elementor-heading-title\">Ch\u00e8que disponible <\/h3>\t\t\t<\/div>\r\n\t\t\r\n\t\t\t\r\n\t\t\t\r\n\t\t\t\t\t<\/div>\r\n\t\t\t\t\t<\/div>\n\t\t\t\t<\/div>\n\t\t\t\t<div class=\"elementor-element elementor-element-3ab5412f elementor-widget elementor-widget-text-editor\" data-id=\"3ab5412f\" data-element_type=\"widget\" data-e-type=\"widget\" data-widget_type=\"text-editor.default\">\n\t\t\t\t\t\t\t\t\t<iframe border=\"0\" src=\"https:\/\/www.trip.com\/partners\/ad\/S5453884?Allianceid=4590391&#038;SID=260846636&#038;trip_sub1=\" style=\"width:120px;height:200px\" frameborder=\"0\" scrolling=\"no\" id=\"S5453884\"><\/iframe>\t\t\t\t\t\t\t\t<\/div>\n\t\t\t\t\t<\/div>\n\t\t<\/div>\n\t\t\t\t\t<\/div>\n\t\t<\/section>\n\t\t\t\t<\/div>","protected":false},"excerpt":{"rendered":"<p>Where Silence Was the First Blueprint Shanghai Yunhe Yebo Hotel was not born from a business plan\u2014it was born from a longing. In 2020, as Shanghai surged back to life after months of stillness, its streets pulsed louder than ever. Skyscrapers glittered, neon signs flickered, and the rhythm of commerce drowned out the quiet. But [&hellip;]<\/p>\n","protected":false},"author":1,"featured_media":0,"parent":0,"menu_order":0,"comment_status":"closed","ping_status":"closed","template":"","meta":{"footnotes":""},"class_list":["post-2104","page","type-page","status-publish","hentry","post-no-thumbnail"],"_links":{"self":[{"href":"https:\/\/shanghaiyunheyebohotel.com\/fr\/wp-json\/wp\/v2\/pages\/2104","targetHints":{"allow":["GET"]}}],"collection":[{"href":"https:\/\/shanghaiyunheyebohotel.com\/fr\/wp-json\/wp\/v2\/pages"}],"about":[{"href":"https:\/\/shanghaiyunheyebohotel.com\/fr\/wp-json\/wp\/v2\/types\/page"}],"author":[{"embeddable":true,"href":"https:\/\/shanghaiyunheyebohotel.com\/fr\/wp-json\/wp\/v2\/users\/1"}],"replies":[{"embeddable":true,"href":"https:\/\/shanghaiyunheyebohotel.com\/fr\/wp-json\/wp\/v2\/comments?post=2104"}],"version-history":[{"count":0,"href":"https:\/\/shanghaiyunheyebohotel.com\/fr\/wp-json\/wp\/v2\/pages\/2104\/revisions"}],"wp:attachment":[{"href":"https:\/\/shanghaiyunheyebohotel.com\/fr\/wp-json\/wp\/v2\/media?parent=2104"}],"curies":[{"name":"wp","href":"https:\/\/api.w.org\/{rel}","templated":true}]}}