{"id":5266,"date":"2021-07-18T08:03:35","date_gmt":"2021-07-18T08:03:35","guid":{"rendered":"https:\/\/nuss.uxper.co\/luxury-resort\/?page_id=5266"},"modified":"2025-09-19T03:57:56","modified_gmt":"2025-09-19T03:57:56","slug":"a-propos-de-nous","status":"publish","type":"page","link":"https:\/\/shanghaiyunheyebohotel.com\/fr\/a-propos-de-nous\/","title":{"rendered":"\u00c0 propos de nous"},"content":{"rendered":"<div data-elementor-type=\"wp-page\" data-elementor-id=\"5266\" class=\"elementor elementor-5266\">\n\t\t\t\t\t\t<section class=\"elementor-section elementor-top-section elementor-element elementor-element-10416953 elementor-section-boxed elementor-section-gap-beside-yes elementor-section-height-default elementor-section-height-default elementor-section-column-vertical-align-stretch\" data-id=\"10416953\" data-element_type=\"section\" data-e-type=\"section\">\n\t\t\t\t\t\t<div class=\"elementor-container elementor-column-gap-extended\">\n\t\t\t\t\t<div class=\"elementor-column elementor-col-100 elementor-top-column elementor-element elementor-element-29c6aa8\" data-id=\"29c6aa8\" data-element_type=\"column\" data-e-type=\"column\">\n\t\t\t<div class=\"elementor-widget-wrap elementor-element-populated\">\n\t\t\t\t\t\t<div class=\"elementor-element elementor-element-7be18fe7 elementor-widget__width-initial elementor-invisible elementor-widget elementor-widget-text-editor\" data-id=\"7be18fe7\" data-element_type=\"widget\" data-e-type=\"widget\" data-settings=\"{&quot;_animation&quot;:&quot;nussFadeInUp&quot;}\" data-widget_type=\"text-editor.default\">\n\t\t\t\t\t\t\t\t\t<p>Nich\u00e9 dans les ruelles calmes et bord\u00e9es d&#039;arbres du village de Lianmin, dans la nouvelle ville de Chuansha, le Shanghai Yunhe Yebo Hotel red\u00e9finit l&#039;\u00e9vasion urbaine pour le voyageur moderne en qu\u00eate d&#039;authenticit\u00e9, de s\u00e9r\u00e9nit\u00e9 et de design plein d&#039;\u00e2me.<\/p>\t\t\t\t\t\t\t\t<\/div>\n\t\t\t\t\t<\/div>\n\t\t<\/div>\n\t\t\t\t\t<\/div>\n\t\t<\/section>\n\t\t\t\t<section class=\"elementor-section elementor-top-section elementor-element elementor-element-7d18327f elementor-section-boxed elementor-section-gap-beside-yes elementor-section-height-default elementor-section-height-default elementor-section-column-vertical-align-stretch\" data-id=\"7d18327f\" data-element_type=\"section\" data-e-type=\"section\">\n\t\t\t\t\t\t<div class=\"elementor-container elementor-column-gap-extended\">\n\t\t\t\t\t<div class=\"elementor-column elementor-col-50 elementor-top-column elementor-element elementor-element-56533670\" data-id=\"56533670\" data-element_type=\"column\" data-e-type=\"column\">\n\t\t\t<div class=\"elementor-widget-wrap elementor-element-populated\">\n\t\t\t\t\t\t<div class=\"elementor-element elementor-element-19c3f543 elementor-invisible elementor-widget elementor-widget-text-editor\" data-id=\"19c3f543\" data-element_type=\"widget\" data-e-type=\"widget\" data-settings=\"{&quot;_animation&quot;:&quot;nussFadeInUp&quot;}\" data-widget_type=\"text-editor.default\">\n\t\t\t\t\t\t\t\t\t<p data-spm-anchor-id=\"a2ty_o01.29997173.0.i96.48c8c921HQqKRc\">Contrairement aux imposants h\u00f4tels de verre du centre de Pudong, cette retraite cach\u00e9e offre un m\u00e9lange harmonieux de minimalisme contemporain et de tranquillit\u00e9 indig\u00e8ne, o\u00f9 le bourdonnement de la ville s&#039;estompe dans le bruissement du bambou et la douce lueur des cours \u00e9clair\u00e9es par des lanternes.<\/p><div class=\"my-2\">\u00a0<\/div><p data-spm-anchor-id=\"a2ty_o01.29997173.0.i99.48c8c921HQqKRc\">Situ\u00e9 dans le b\u00e2timent 54, au 179 Lianmin Village, le Shanghai Yunhe Yebo Hotel est bien plus qu&#039;un simple lieu de s\u00e9jour\u00a0: c&#039;est un v\u00e9ritable havre de paix con\u00e7u pour les voyageurs attentifs qui privil\u00e9gient la profondeur \u00e0 l&#039;\u00e9blouissement. \u00c0 seulement 20\u00a0minutes de l&#039;a\u00e9roport international de Shanghai-Pudong et \u00e0 quelques minutes en voiture de la skyline futuriste de Lujiazui, l&#039;h\u00f4tel allie parfaitement accessibilit\u00e9 et intimit\u00e9. Que vous soyez en voyage d&#039;affaires, de bien-\u00eatre ou pour une escapade romantique, nos chambres soigneusement con\u00e7ues vous invitent au calme gr\u00e2ce \u00e0 leurs finitions en bois naturel, leurs baies vitr\u00e9es offrant une vue sur le jardin priv\u00e9 et leurs \u0153uvres d&#039;art soigneusement s\u00e9lectionn\u00e9es, inspir\u00e9es du patrimoine local Chuansha.<\/p>\t\t\t\t\t\t\t\t<\/div>\n\t\t\t\t\t<\/div>\n\t\t<\/div>\n\t\t\t\t<div class=\"elementor-column elementor-col-50 elementor-top-column elementor-element elementor-element-30f14127\" data-id=\"30f14127\" data-element_type=\"column\" data-e-type=\"column\">\n\t\t\t<div class=\"elementor-widget-wrap elementor-element-populated\">\n\t\t\t\t\t\t<div class=\"elementor-element elementor-element-59aea08 elementor-widget elementor-widget-image\" data-id=\"59aea08\" data-element_type=\"widget\" data-e-type=\"widget\" data-widget_type=\"image.default\">\n\t\t\t\t\t\t\t\t\t\t\t\t\t\t\t<img fetchpriority=\"high\" decoding=\"async\" width=\"1024\" height=\"768\" src=\"https:\/\/shanghaiyunheyebohotel.com\/wp-content\/uploads\/2025\/09\/Shanghai-Yunhe-Yebo-Hotel-7-1024x768.webp\" class=\"attachment-large size-large wp-image-6406\" alt=\"\" srcset=\"https:\/\/shanghaiyunheyebohotel.com\/wp-content\/uploads\/2025\/09\/Shanghai-Yunhe-Yebo-Hotel-7-1024x768.webp 1024w, https:\/\/shanghaiyunheyebohotel.com\/wp-content\/uploads\/2025\/09\/Shanghai-Yunhe-Yebo-Hotel-7-300x225.webp 300w, https:\/\/shanghaiyunheyebohotel.com\/wp-content\/uploads\/2025\/09\/Shanghai-Yunhe-Yebo-Hotel-7-768x576.webp 768w, https:\/\/shanghaiyunheyebohotel.com\/wp-content\/uploads\/2025\/09\/Shanghai-Yunhe-Yebo-Hotel-7-16x12.webp 16w, https:\/\/shanghaiyunheyebohotel.com\/wp-content\/uploads\/2025\/09\/Shanghai-Yunhe-Yebo-Hotel-7.webp 1137w\" sizes=\"(max-width: 1024px) 100vw, 1024px\" \/>\t\t\t\t\t\t\t\t\t\t\t\t\t\t\t<\/div>\n\t\t\t\t\t<\/div>\n\t\t<\/div>\n\t\t\t\t\t<\/div>\n\t\t<\/section>\n\t\t\t\t<section class=\"elementor-section elementor-top-section elementor-element elementor-element-29fb8578 elementor-section-height-min-height elementor-section-stretched elementor-section-full_width elementor-section-items-stretch elementor-section-height-default elementor-section-column-vertical-align-stretch\" data-id=\"29fb8578\" data-element_type=\"section\" data-e-type=\"section\" data-settings=\"{&quot;stretch_section&quot;:&quot;section-stretched&quot;}\">\n\t\t\t\t\t\t<div class=\"elementor-container elementor-column-gap-no\">\n\t\t\t\t\t<div class=\"elementor-column elementor-col-50 elementor-top-column elementor-element elementor-element-40ac270b\" data-id=\"40ac270b\" data-element_type=\"column\" data-e-type=\"column\">\n\t\t\t<div class=\"elementor-widget-wrap elementor-element-populated\">\n\t\t\t\t\t\t<div class=\"elementor-element elementor-element-20872773 elementor-widget__width-initial elementor-widget-mobile__width-inherit elementor-invisible nuss-elementor-loading nuss-slide-in-right elementor-widget elementor-widget-image\" data-id=\"20872773\" data-element_type=\"widget\" data-e-type=\"widget\" data-settings=\"{&quot;_animation&quot;:&quot;nussSlideInRight&quot;}\" data-widget_type=\"image.default\">\n\t\t\t\t\t\t\t\t\t\t\t\t\t\t\t<img decoding=\"async\" width=\"1280\" height=\"853\" src=\"https:\/\/shanghaiyunheyebohotel.com\/wp-content\/uploads\/2025\/09\/Shanghai-Yunhe-Yebo-Hotel-10.webp\" class=\"attachment-full size-full wp-image-6409\" alt=\"\" srcset=\"https:\/\/shanghaiyunheyebohotel.com\/wp-content\/uploads\/2025\/09\/Shanghai-Yunhe-Yebo-Hotel-10.webp 1280w, https:\/\/shanghaiyunheyebohotel.com\/wp-content\/uploads\/2025\/09\/Shanghai-Yunhe-Yebo-Hotel-10-300x200.webp 300w, https:\/\/shanghaiyunheyebohotel.com\/wp-content\/uploads\/2025\/09\/Shanghai-Yunhe-Yebo-Hotel-10-1024x682.webp 1024w, https:\/\/shanghaiyunheyebohotel.com\/wp-content\/uploads\/2025\/09\/Shanghai-Yunhe-Yebo-Hotel-10-768x512.webp 768w, https:\/\/shanghaiyunheyebohotel.com\/wp-content\/uploads\/2025\/09\/Shanghai-Yunhe-Yebo-Hotel-10-18x12.webp 18w\" sizes=\"(max-width: 1280px) 100vw, 1280px\" \/>\t\t\t\t\t\t\t\t\t\t\t\t\t\t\t<\/div>\n\t\t\t\t\t<\/div>\n\t\t<\/div>\n\t\t\t\t<div class=\"elementor-column elementor-col-50 elementor-top-column elementor-element elementor-element-2dac103\" data-id=\"2dac103\" data-element_type=\"column\" data-e-type=\"column\">\n\t\t\t<div class=\"elementor-widget-wrap elementor-element-populated\">\n\t\t\t\t\t\t<div class=\"elementor-element elementor-element-6f1b8966 elementor-invisible elementor-widget elementor-widget-text-editor\" data-id=\"6f1b8966\" data-element_type=\"widget\" data-e-type=\"widget\" data-settings=\"{&quot;_animation&quot;:&quot;nussFadeInUp&quot;}\" data-widget_type=\"text-editor.default\">\n\t\t\t\t\t\t\t\t\t<p data-spm-anchor-id=\"a2ty_o01.29997173.0.i100.48c8c921HQqKRc\">D\u00eenez \u00e0 ciel ouvert dans notre restaurant, o\u00f9 les ingr\u00e9dients de saison des fermes voisines rencontrent les saveurs innovantes de Shanghai\u00a0: poitrine de porc brais\u00e9e parfum\u00e9e avec gla\u00e7age aux haricots noirs ferment\u00e9s, nouilles effiloch\u00e9es \u00e0 la main infus\u00e9es aux herbes sauvages et th\u00e9s artisanaux infus\u00e9s \u00e0 partir de feuilles cultiv\u00e9es en montagne. Chaque plat raconte une histoire de terroir, de saison et de silence.<\/p><p>Nos services sont volontairement discrets\u00a0: pas de r\u00e9ception bruyante, pas d&#039;enregistrement pr\u00e9cipit\u00e9, juste des attentions personnalis\u00e9es comme des mots manuscrits, des itin\u00e9raires \u00e0 v\u00e9lo au coucher du soleil trac\u00e9s sp\u00e9cialement pour vous et une tisane offerte \u00e0 la tomb\u00e9e de la nuit. Pour les voyageurs lass\u00e9s du luxe conventionnel, Yunhe Yebo offre une touche de raret\u00e9\u00a0: la pr\u00e9sence.<\/p><p>Explorez le c\u0153ur culturel de l&#039;est de Shanghai, des temples anciens aux march\u00e9s bio en passant par les paisibles marais de Dongtan, le tout \u00e0 proximit\u00e9. Que vous recherchiez un s\u00e9jour paisible \u00e0 Pudong, un h\u00f4tel-boutique pr\u00e8s de l&#039;a\u00e9roport ou une exp\u00e9rience immersive loin des foules touristiques, le Shanghai Yunhe Yebo Hotel vous invite \u00e0 ralentir, \u00e0 respirer profond\u00e9ment et \u00e0 red\u00e9couvrir ce que signifie vraiment arriver.<\/p><p>R\u00e9servez votre escapade d\u00e8s aujourd&#039;hui et d\u00e9couvrez pourquoi les voyageurs exigeants appellent d\u00e9sormais Yunhe Yebo \u00ab le secret le mieux gard\u00e9 de Shanghai \u00bb.<\/p><p data-spm-anchor-id=\"a2ty_o01.29997173.0.i101.48c8c921HQqKRc\"><em>Id\u00e9al pour : Les voyageurs d&#039;affaires en qu\u00eate de paix \u2022 Les couples en escapade romantique \u2022 Les touristes soucieux de leur bien-\u00eatre \u2022 Les nomades num\u00e9riques \u2022 Les explorateurs soucieux de l&#039;environnement \u2022 Ceux qui recherchent des h\u00f4tels de charme pr\u00e8s de l&#039;a\u00e9roport de Shanghai Pudong<\/em><\/p>\t\t\t\t\t\t\t\t<\/div>\n\t\t\t\t\t<\/div>\n\t\t<\/div>\n\t\t\t\t\t<\/div>\n\t\t<\/section>\n\t\t\t\t<section class=\"elementor-section elementor-top-section elementor-element elementor-element-2092b7d0 elementor-section-stretched elementor-section-boxed elementor-section-gap-beside-yes elementor-section-height-default elementor-section-height-default elementor-section-column-vertical-align-stretch\" data-id=\"2092b7d0\" data-element_type=\"section\" data-e-type=\"section\" data-settings=\"{&quot;background_background&quot;:&quot;classic&quot;,&quot;stretch_section&quot;:&quot;section-stretched&quot;}\">\n\t\t\t\t\t\t<div class=\"elementor-container elementor-column-gap-extended\">\n\t\t\t\t\t<div class=\"elementor-column elementor-col-100 elementor-top-column elementor-element elementor-element-be69d75\" data-id=\"be69d75\" data-element_type=\"column\" data-e-type=\"column\">\n\t\t\t<div class=\"elementor-widget-wrap elementor-element-populated\">\n\t\t\t\t\t\t<div class=\"elementor-element elementor-element-320c022 elementor-widget elementor-widget-nuss-heading\" data-id=\"320c022\" data-element_type=\"widget\" data-e-type=\"widget\" data-widget_type=\"nuss-heading.default\">\n\t\t\t\t<div class=\"elementor-widget-container\">\n\t\t\t\t\t\t\t<div class=\"nuss-modern-heading\">\r\n\t\t\t\t\t\t<div class=\"heading-secondary-wrap\">\r\n\t\t\t\t<h3 class=\"heading-secondary elementor-heading-title\">Ch\u00e8que disponible <\/h3>\t\t\t<\/div>\r\n\t\t\r\n\t\t\t\r\n\t\t\t\r\n\t\t\t\t\t<\/div>\r\n\t\t\t\t\t<\/div>\n\t\t\t\t<\/div>\n\t\t\t\t<div class=\"elementor-element elementor-element-0a92c0a elementor-widget elementor-widget-text-editor\" data-id=\"0a92c0a\" data-element_type=\"widget\" data-e-type=\"widget\" data-widget_type=\"text-editor.default\">\n\t\t\t\t\t\t\t\t\t<iframe border=\"0\" src=\"https:\/\/www.trip.com\/partners\/ad\/S5453884?Allianceid=4590391&#038;SID=260846636&#038;trip_sub1=\" style=\"width:120px;height:200px\" frameborder=\"0\" scrolling=\"no\" id=\"S5453884\"><\/iframe>\t\t\t\t\t\t\t\t<\/div>\n\t\t\t\t\t<\/div>\n\t\t<\/div>\n\t\t\t\t\t<\/div>\n\t\t<\/section>\n\t\t\t\t<\/div>","protected":false},"excerpt":{"rendered":"<p>Nestled in the quiet, tree-lined lanes of Lianmin Village in Chuansha New Town, Shanghai Yunhe Yebo Hotel redefines urban escape for the modern traveler seeking authenticity, serenity, and soulful design. Unlike the towering glass hotels of central Pudong, this hidden retreat offers a harmonious blend of contemporary minimalism and indigenous tranquility\u2014where the hum of the [&hellip;]<\/p>\n","protected":false},"author":1,"featured_media":0,"parent":0,"menu_order":0,"comment_status":"closed","ping_status":"closed","template":"","meta":{"footnotes":""},"class_list":["post-5266","page","type-page","status-publish","hentry","post-no-thumbnail"],"_links":{"self":[{"href":"https:\/\/shanghaiyunheyebohotel.com\/fr\/wp-json\/wp\/v2\/pages\/5266","targetHints":{"allow":["GET"]}}],"collection":[{"href":"https:\/\/shanghaiyunheyebohotel.com\/fr\/wp-json\/wp\/v2\/pages"}],"about":[{"href":"https:\/\/shanghaiyunheyebohotel.com\/fr\/wp-json\/wp\/v2\/types\/page"}],"author":[{"embeddable":true,"href":"https:\/\/shanghaiyunheyebohotel.com\/fr\/wp-json\/wp\/v2\/users\/1"}],"replies":[{"embeddable":true,"href":"https:\/\/shanghaiyunheyebohotel.com\/fr\/wp-json\/wp\/v2\/comments?post=5266"}],"version-history":[{"count":0,"href":"https:\/\/shanghaiyunheyebohotel.com\/fr\/wp-json\/wp\/v2\/pages\/5266\/revisions"}],"wp:attachment":[{"href":"https:\/\/shanghaiyunheyebohotel.com\/fr\/wp-json\/wp\/v2\/media?parent=5266"}],"curies":[{"name":"wp","href":"https:\/\/api.w.org\/{rel}","templated":true}]}}