{"id":5266,"date":"2021-07-18T08:03:35","date_gmt":"2021-07-18T08:03:35","guid":{"rendered":"https:\/\/nuss.uxper.co\/luxury-resort\/?page_id=5266"},"modified":"2025-09-19T03:57:56","modified_gmt":"2025-09-19T03:57:56","slug":"chi-siamo","status":"publish","type":"page","link":"https:\/\/shanghaiyunheyebohotel.com\/it\/chi-siamo\/","title":{"rendered":"Chi siamo"},"content":{"rendered":"<div data-elementor-type=\"wp-page\" data-elementor-id=\"5266\" class=\"elementor elementor-5266\">\n\t\t\t\t\t\t<section class=\"elementor-section elementor-top-section elementor-element elementor-element-10416953 elementor-section-boxed elementor-section-gap-beside-yes elementor-section-height-default elementor-section-height-default elementor-section-column-vertical-align-stretch\" data-id=\"10416953\" data-element_type=\"section\" data-e-type=\"section\">\n\t\t\t\t\t\t<div class=\"elementor-container elementor-column-gap-extended\">\n\t\t\t\t\t<div class=\"elementor-column elementor-col-100 elementor-top-column elementor-element elementor-element-29c6aa8\" data-id=\"29c6aa8\" data-element_type=\"column\" data-e-type=\"column\">\n\t\t\t<div class=\"elementor-widget-wrap elementor-element-populated\">\n\t\t\t\t\t\t<div class=\"elementor-element elementor-element-7be18fe7 elementor-widget__width-initial elementor-invisible elementor-widget elementor-widget-text-editor\" data-id=\"7be18fe7\" data-element_type=\"widget\" data-e-type=\"widget\" data-settings=\"{&quot;_animation&quot;:&quot;nussFadeInUp&quot;}\" data-widget_type=\"text-editor.default\">\n\t\t\t\t\t\t\t\t\t<p>Immerso nei tranquilli viali alberati del villaggio di Lianmin, nella citt\u00e0 nuova di Chuansha, lo Shanghai Yunhe Yebo Hotel ridefinisce il concetto di fuga urbana per il viaggiatore moderno in cerca di autenticit\u00e0, serenit\u00e0 e un design ricco di sentimento.<\/p>\t\t\t\t\t\t\t\t<\/div>\n\t\t\t\t\t<\/div>\n\t\t<\/div>\n\t\t\t\t\t<\/div>\n\t\t<\/section>\n\t\t\t\t<section class=\"elementor-section elementor-top-section elementor-element elementor-element-7d18327f elementor-section-boxed elementor-section-gap-beside-yes elementor-section-height-default elementor-section-height-default elementor-section-column-vertical-align-stretch\" data-id=\"7d18327f\" data-element_type=\"section\" data-e-type=\"section\">\n\t\t\t\t\t\t<div class=\"elementor-container elementor-column-gap-extended\">\n\t\t\t\t\t<div class=\"elementor-column elementor-col-50 elementor-top-column elementor-element elementor-element-56533670\" data-id=\"56533670\" data-element_type=\"column\" data-e-type=\"column\">\n\t\t\t<div class=\"elementor-widget-wrap elementor-element-populated\">\n\t\t\t\t\t\t<div class=\"elementor-element elementor-element-19c3f543 elementor-invisible elementor-widget elementor-widget-text-editor\" data-id=\"19c3f543\" data-element_type=\"widget\" data-e-type=\"widget\" data-settings=\"{&quot;_animation&quot;:&quot;nussFadeInUp&quot;}\" data-widget_type=\"text-editor.default\">\n\t\t\t\t\t\t\t\t\t<p data-spm-anchor-id=\"a2ty_o01.29997173.0.i96.48c8c921HQqKRc\">A differenza degli imponenti hotel in vetro del centro di Pudong, questo rifugio nascosto offre un&#039;armoniosa combinazione di minimalismo contemporaneo e tranquillit\u00e0 indigena, dove il brusio della citt\u00e0 si fonde con il fruscio del bamb\u00f9 e la luce soffusa dei cortili illuminati dalle lanterne.<\/p><div class=\"my-2\">\u00a0<\/div><p data-spm-anchor-id=\"a2ty_o01.29997173.0.i99.48c8c921HQqKRc\">Situato nell&#039;Edificio 54, n. 179 di Lianmin Village, lo Shanghai Yunhe Yebo Hotel \u00e8 pi\u00f9 di un semplice posto dove dormire: \u00e8 un rifugio pensato per viaggiatori attenti che preferiscono la profondit\u00e0 all&#039;apparenza. A soli 20 minuti dall&#039;Aeroporto Internazionale di Shanghai Pudong e a breve distanza in auto dal futuristico skyline di Lujiazui, l&#039;hotel offre il perfetto equilibrio tra accessibilit\u00e0 e riservatezza. Che siate in viaggio per lavoro, benessere o una fuga romantica, le nostre camere, progettate con cura, invitano alla tranquillit\u00e0 con finiture in legno naturale, finestre a tutta altezza che incorniciano la vista sul giardino privato e opere d&#039;arte curate ispirate alla tradizione locale Chuansha.<\/p>\t\t\t\t\t\t\t\t<\/div>\n\t\t\t\t\t<\/div>\n\t\t<\/div>\n\t\t\t\t<div class=\"elementor-column elementor-col-50 elementor-top-column elementor-element elementor-element-30f14127\" data-id=\"30f14127\" data-element_type=\"column\" data-e-type=\"column\">\n\t\t\t<div class=\"elementor-widget-wrap elementor-element-populated\">\n\t\t\t\t\t\t<div class=\"elementor-element elementor-element-59aea08 elementor-widget elementor-widget-image\" data-id=\"59aea08\" data-element_type=\"widget\" data-e-type=\"widget\" data-widget_type=\"image.default\">\n\t\t\t\t\t\t\t\t\t\t\t\t\t\t\t<img fetchpriority=\"high\" decoding=\"async\" width=\"1024\" height=\"768\" src=\"https:\/\/shanghaiyunheyebohotel.com\/wp-content\/uploads\/2025\/09\/Shanghai-Yunhe-Yebo-Hotel-7-1024x768.webp\" class=\"attachment-large size-large wp-image-6406\" alt=\"\" srcset=\"https:\/\/shanghaiyunheyebohotel.com\/wp-content\/uploads\/2025\/09\/Shanghai-Yunhe-Yebo-Hotel-7-1024x768.webp 1024w, https:\/\/shanghaiyunheyebohotel.com\/wp-content\/uploads\/2025\/09\/Shanghai-Yunhe-Yebo-Hotel-7-300x225.webp 300w, https:\/\/shanghaiyunheyebohotel.com\/wp-content\/uploads\/2025\/09\/Shanghai-Yunhe-Yebo-Hotel-7-768x576.webp 768w, https:\/\/shanghaiyunheyebohotel.com\/wp-content\/uploads\/2025\/09\/Shanghai-Yunhe-Yebo-Hotel-7-16x12.webp 16w, https:\/\/shanghaiyunheyebohotel.com\/wp-content\/uploads\/2025\/09\/Shanghai-Yunhe-Yebo-Hotel-7.webp 1137w\" sizes=\"(max-width: 1024px) 100vw, 1024px\" \/>\t\t\t\t\t\t\t\t\t\t\t\t\t\t\t<\/div>\n\t\t\t\t\t<\/div>\n\t\t<\/div>\n\t\t\t\t\t<\/div>\n\t\t<\/section>\n\t\t\t\t<section class=\"elementor-section elementor-top-section elementor-element elementor-element-29fb8578 elementor-section-height-min-height elementor-section-stretched elementor-section-full_width elementor-section-items-stretch elementor-section-height-default elementor-section-column-vertical-align-stretch\" data-id=\"29fb8578\" data-element_type=\"section\" data-e-type=\"section\" data-settings=\"{&quot;stretch_section&quot;:&quot;section-stretched&quot;}\">\n\t\t\t\t\t\t<div class=\"elementor-container elementor-column-gap-no\">\n\t\t\t\t\t<div class=\"elementor-column elementor-col-50 elementor-top-column elementor-element elementor-element-40ac270b\" data-id=\"40ac270b\" data-element_type=\"column\" data-e-type=\"column\">\n\t\t\t<div class=\"elementor-widget-wrap elementor-element-populated\">\n\t\t\t\t\t\t<div class=\"elementor-element elementor-element-20872773 elementor-widget__width-initial elementor-widget-mobile__width-inherit elementor-invisible nuss-elementor-loading nuss-slide-in-right elementor-widget elementor-widget-image\" data-id=\"20872773\" data-element_type=\"widget\" data-e-type=\"widget\" data-settings=\"{&quot;_animation&quot;:&quot;nussSlideInRight&quot;}\" data-widget_type=\"image.default\">\n\t\t\t\t\t\t\t\t\t\t\t\t\t\t\t<img decoding=\"async\" width=\"1280\" height=\"853\" src=\"https:\/\/shanghaiyunheyebohotel.com\/wp-content\/uploads\/2025\/09\/Shanghai-Yunhe-Yebo-Hotel-10.webp\" class=\"attachment-full size-full wp-image-6409\" alt=\"\" srcset=\"https:\/\/shanghaiyunheyebohotel.com\/wp-content\/uploads\/2025\/09\/Shanghai-Yunhe-Yebo-Hotel-10.webp 1280w, https:\/\/shanghaiyunheyebohotel.com\/wp-content\/uploads\/2025\/09\/Shanghai-Yunhe-Yebo-Hotel-10-300x200.webp 300w, https:\/\/shanghaiyunheyebohotel.com\/wp-content\/uploads\/2025\/09\/Shanghai-Yunhe-Yebo-Hotel-10-1024x682.webp 1024w, https:\/\/shanghaiyunheyebohotel.com\/wp-content\/uploads\/2025\/09\/Shanghai-Yunhe-Yebo-Hotel-10-768x512.webp 768w, https:\/\/shanghaiyunheyebohotel.com\/wp-content\/uploads\/2025\/09\/Shanghai-Yunhe-Yebo-Hotel-10-18x12.webp 18w\" sizes=\"(max-width: 1280px) 100vw, 1280px\" \/>\t\t\t\t\t\t\t\t\t\t\t\t\t\t\t<\/div>\n\t\t\t\t\t<\/div>\n\t\t<\/div>\n\t\t\t\t<div class=\"elementor-column elementor-col-50 elementor-top-column elementor-element elementor-element-2dac103\" data-id=\"2dac103\" data-element_type=\"column\" data-e-type=\"column\">\n\t\t\t<div class=\"elementor-widget-wrap elementor-element-populated\">\n\t\t\t\t\t\t<div class=\"elementor-element elementor-element-6f1b8966 elementor-invisible elementor-widget elementor-widget-text-editor\" data-id=\"6f1b8966\" data-element_type=\"widget\" data-e-type=\"widget\" data-settings=\"{&quot;_animation&quot;:&quot;nussFadeInUp&quot;}\" data-widget_type=\"text-editor.default\">\n\t\t\t\t\t\t\t\t\t<p data-spm-anchor-id=\"a2ty_o01.29997173.0.i100.48c8c921HQqKRc\">Cenate all&#039;aperto nel nostro ristorante in loco, dove ingredienti di stagione provenienti dalle fattorie vicine incontrano gli innovativi sapori di Shanghai: pensate alla fragrante pancetta di maiale brasata con glassa di fagioli neri fermentati, ai noodles tirati a mano aromatizzati con erbe selvatiche e ai t\u00e8 artigianali preparati con foglie di montagna. Ogni piatto racconta una storia di terra, stagione e silenzio.<\/p><p>I nostri servizi sono volutamente discreti: niente reception rumorose, niente check-in frettolosi, solo tocchi personalizzati come biglietti scritti a mano, percorsi in bicicletta al tramonto mappati apposta per voi e tisana gratuita servita al calar del sole. Per i viaggiatori stanchi del lusso generico, Yunhe Yebo offre qualcosa di pi\u00f9 raro: la presenza.<\/p><p>Esplorate il cuore pulsante della cultura della Shanghai orientale, dagli antichi templi e mercati biologici alle tranquille zone umide di Dongtan, tutti facilmente raggiungibili. Che siate alla ricerca del soggiorno pi\u00f9 tranquillo a Pudong, di un rifugio boutique vicino all&#039;aeroporto o di un&#039;esperienza immersiva lontano dalle folle di turisti, lo Shanghai Yunhe Yebo Hotel vi invita a rallentare, respirare profondamente e riscoprire il vero significato di &quot;arrivare&quot;.<\/p><p>Prenota oggi stesso la tua fuga e scopri perch\u00e9 i viaggiatori pi\u00f9 esigenti chiamano Yunhe Yebo &quot;il segreto meglio custodito di Shanghai&quot;.<\/p><p data-spm-anchor-id=\"a2ty_o01.29997173.0.i101.48c8c921HQqKRc\"><em>Perfetto per: Viaggiatori d&#039;affari in cerca di pace \u2022 Coppie in fuga romantica \u2022 Turisti attenti al benessere \u2022 Nomadi digitali \u2022 Esploratori attenti all&#039;ambiente \u2022 Chi cerca hotel boutique vicino all&#039;aeroporto di Shanghai Pudong<\/em><\/p>\t\t\t\t\t\t\t\t<\/div>\n\t\t\t\t\t<\/div>\n\t\t<\/div>\n\t\t\t\t\t<\/div>\n\t\t<\/section>\n\t\t\t\t<section class=\"elementor-section elementor-top-section elementor-element elementor-element-2092b7d0 elementor-section-stretched elementor-section-boxed elementor-section-gap-beside-yes elementor-section-height-default elementor-section-height-default elementor-section-column-vertical-align-stretch\" data-id=\"2092b7d0\" data-element_type=\"section\" data-e-type=\"section\" data-settings=\"{&quot;background_background&quot;:&quot;classic&quot;,&quot;stretch_section&quot;:&quot;section-stretched&quot;}\">\n\t\t\t\t\t\t<div class=\"elementor-container elementor-column-gap-extended\">\n\t\t\t\t\t<div class=\"elementor-column elementor-col-100 elementor-top-column elementor-element elementor-element-be69d75\" data-id=\"be69d75\" data-element_type=\"column\" data-e-type=\"column\">\n\t\t\t<div class=\"elementor-widget-wrap elementor-element-populated\">\n\t\t\t\t\t\t<div class=\"elementor-element elementor-element-320c022 elementor-widget elementor-widget-nuss-heading\" data-id=\"320c022\" data-element_type=\"widget\" data-e-type=\"widget\" data-widget_type=\"nuss-heading.default\">\n\t\t\t\t<div class=\"elementor-widget-container\">\n\t\t\t\t\t\t\t<div class=\"nuss-modern-heading\">\r\n\t\t\t\t\t\t<div class=\"heading-secondary-wrap\">\r\n\t\t\t\t<h3 class=\"heading-secondary elementor-heading-title\">Controlla disponibile <\/h3>\t\t\t<\/div>\r\n\t\t\r\n\t\t\t\r\n\t\t\t\r\n\t\t\t\t\t<\/div>\r\n\t\t\t\t\t<\/div>\n\t\t\t\t<\/div>\n\t\t\t\t<div class=\"elementor-element elementor-element-0a92c0a elementor-widget elementor-widget-text-editor\" data-id=\"0a92c0a\" data-element_type=\"widget\" data-e-type=\"widget\" data-widget_type=\"text-editor.default\">\n\t\t\t\t\t\t\t\t\t<iframe border=\"0\" src=\"https:\/\/www.trip.com\/partners\/ad\/S5453884?Allianceid=4590391&#038;SID=260846636&#038;trip_sub1=\" style=\"width:120px;height:200px\" frameborder=\"0\" scrolling=\"no\" id=\"S5453884\"><\/iframe>\t\t\t\t\t\t\t\t<\/div>\n\t\t\t\t\t<\/div>\n\t\t<\/div>\n\t\t\t\t\t<\/div>\n\t\t<\/section>\n\t\t\t\t<\/div>","protected":false},"excerpt":{"rendered":"<p>Nestled in the quiet, tree-lined lanes of Lianmin Village in Chuansha New Town, Shanghai Yunhe Yebo Hotel redefines urban escape for the modern traveler seeking authenticity, serenity, and soulful design. Unlike the towering glass hotels of central Pudong, this hidden retreat offers a harmonious blend of contemporary minimalism and indigenous tranquility\u2014where the hum of the [&hellip;]<\/p>\n","protected":false},"author":1,"featured_media":0,"parent":0,"menu_order":0,"comment_status":"closed","ping_status":"closed","template":"","meta":{"footnotes":""},"class_list":["post-5266","page","type-page","status-publish","hentry","post-no-thumbnail"],"_links":{"self":[{"href":"https:\/\/shanghaiyunheyebohotel.com\/it\/wp-json\/wp\/v2\/pages\/5266","targetHints":{"allow":["GET"]}}],"collection":[{"href":"https:\/\/shanghaiyunheyebohotel.com\/it\/wp-json\/wp\/v2\/pages"}],"about":[{"href":"https:\/\/shanghaiyunheyebohotel.com\/it\/wp-json\/wp\/v2\/types\/page"}],"author":[{"embeddable":true,"href":"https:\/\/shanghaiyunheyebohotel.com\/it\/wp-json\/wp\/v2\/users\/1"}],"replies":[{"embeddable":true,"href":"https:\/\/shanghaiyunheyebohotel.com\/it\/wp-json\/wp\/v2\/comments?post=5266"}],"version-history":[{"count":0,"href":"https:\/\/shanghaiyunheyebohotel.com\/it\/wp-json\/wp\/v2\/pages\/5266\/revisions"}],"wp:attachment":[{"href":"https:\/\/shanghaiyunheyebohotel.com\/it\/wp-json\/wp\/v2\/media?parent=5266"}],"curies":[{"name":"parola chiave","href":"https:\/\/api.w.org\/{rel}","templated":true}]}}